{"id":1613,"date":"2015-02-03T14:49:09","date_gmt":"2015-02-03T14:49:09","guid":{"rendered":"http:\/\/www.mentel-it.pl\/?page_id=1613"},"modified":"2023-01-25T20:03:37","modified_gmt":"2023-01-25T19:03:37","slug":"contact-us","status":"publish","type":"page","link":"https:\/\/www.mentel-it.pl\/index.php\/contact-us\/","title":{"rendered":"Kontakt"},"content":{"rendered":"<div class=\"wpb-content-wrapper\"><p>[vc_row full_width=&#8221;stretch_row_content_no_spaces&#8221; layout=&#8221;ts-row-boxed&#8221; enable_parallax=&#8221;&#8221; el_class=&#8221;map-contact&#8221;][vc_column][vc_gmaps link=&#8221;#E-8_JTNDaWZyYW1lJTIwc3JjJTNEJTIyaHR0cHMlM0ElMkYlMkZ3d3cuZ29vZ2xlLmNvbSUyRm1hcHMlMkZlbWJlZCUzRnBiJTNEJTIxMW0xOCUyMTFtMTIlMjExbTMlMjExZDEwODcuMTM5MDk1ODE5ODE2JTIxMmQxOC45MzE2MDEyMjkyODgzMzYlMjEzZDQ5LjgwNjA4MDg2NDIyOTYzNSUyMTJtMyUyMTFmMCUyMTJmMCUyMTNmMCUyMTNtMiUyMTFpMTAyNCUyMTJpNzY4JTIxNGYxMy4xJTIxM20zJTIxMW0yJTIxMXMweDAlMjUzQTB4OWJmOTRmNTRmMzZjNTY3OSUyMTJ6TkRuQ3NEUTRKekl4TGpraVRpQXhPTUt3TlRVbk5UVXVOeUpGJTIxNWUxJTIxM20yJTIxMXNwbCUyMTJzcGwlMjE0djE2NDM2MzQ4MDg2NTIlMjE1bTIlMjExc3BsJTIxMnNwbCUyMiUyMHdpZHRoJTNEJTIyNjAwJTIyJTIwaGVpZ2h0JTNEJTIyNDUwJTIyJTIwc3R5bGUlM0QlMjJib3JkZXIlM0EwJTNCJTIyJTIwYWxsb3dmdWxsc2NyZWVuJTNEJTIyJTIyJTIwbG9hZGluZyUzRCUyMmxhenklMjIlM0UlM0MlMkZpZnJhbWUlM0U=&#8221;][\/vc_column][\/vc_row][vc_row css=&#8221;.vc_custom_1478007643581{padding-top: 26px !important;}&#8221;][vc_column][vc_column_text]<\/p>\n<h3 class=\"title-bottom-line\" style=\"font-weight: bold; color: #000000; text-align: center;\">SKONTAKTUJ SI\u0118 Z NAMI<\/h3>\n<p style=\"text-align: center;\">Budujemy relacje biznesowe w oparciu o zaufanie, wieloletnie do\u015bwiadczenie i uczciwe praktyki.<\/p>\n<p style=\"text-align: center;\">Daj nam szans\u0119, aby\u015bmy mogli pracowa\u0107 r\u00f3wnie\u017c na Tw\u00f3j sukces.<\/p>\n<p>&nbsp;<\/p>\n<p>[\/vc_column_text][vc_row_inner css=&#8221;.vc_custom_1478053234990{padding-top: 30px !important;}&#8221;][vc_column_inner width=&#8221;1\/3&#8243;][vc_column_text]<\/p>\n<div class=\"office-address primary-text\" style=\"text-align: center;\">NASZE BIURO<\/div>\n<p class=\"text-color-default\" style=\"text-align: center;\">Jasienica 275<br \/>\n43-385, JASIENICA, Polska<\/p>\n<p>[\/vc_column_text][\/vc_column_inner][vc_column_inner width=&#8221;1\/3&#8243;][vc_column_text]<\/p>\n<div class=\"phone-numbers primary-text\" style=\"text-align: center;\">NUMERY TELEFON\u00d3W<\/div>\n<p class=\"text-color-default\" style=\"text-align: center;\">+48 33 440 10 60<br \/>\n+48 793 052 213<\/p>\n<p>[\/vc_column_text][\/vc_column_inner][vc_column_inner width=&#8221;1\/3&#8243;][vc_column_text]<\/p>\n<div class=\"email-address primary-text\" style=\"text-align: center;\">E-MAIL<\/div>\n<p style=\"text-align: center;\">biuro@mentel-it.pl<br \/>\nserwis@mentel-it.pl<\/p>\n<p>[\/vc_column_text][\/vc_column_inner][\/vc_row_inner][\/vc_column][\/vc_row][vc_row][vc_column][vc_column_text]<\/p>\n<div class=\"office-address primary-text\" style=\"text-align: center;\">PE\u0141NE DANE FIRMY<\/div>\n<p style=\"text-align: center;\">Sebastian MENTEL-IT\/PE Service<br \/>\nNIP 9372425172, REGON 365247491<br \/>\nul. Jana Paw\u0142a II 109, 34-350 Ci\u0119cina, POLSKA<\/p>\n<p>[\/vc_column_text][\/vc_column][\/vc_row]<\/p>\n<\/div>","protected":false},"excerpt":{"rendered":"<p>[vc_row full_width=&#8221;stretch_row_content_no_spaces&#8221; layout=&#8221;ts-row-boxed&#8221; enable_parallax=&#8221;&#8221; el_class=&#8221;map-contact&#8221;][vc_column][vc_gmaps link=&#8221;#E-8_JTNDaWZyYW1lJTIwc3JjJTNEJTIyaHR0cHMlM0ElMkYlMkZ3d3cuZ29vZ2xlLmNvbSUyRm1hcHMlMkZlbWJlZCUzRnBiJTNEJTIxMW0xOCUyMTFtMTIlMjExbTMlMjExZDEwODcuMTM5MDk1ODE5ODE2JTIxMmQxOC45MzE2MDEyMjkyODgzMzYlMjEzZDQ5LjgwNjA4MDg2NDIyOTYzNSUyMTJtMyUyMTFmMCUyMTJmMCUyMTNmMCUyMTNtMiUyMTFpMTAyNCUyMTJpNzY4JTIxNGYxMy4xJTIxM20zJTIxMW0yJTIxMXMweDAlMjUzQTB4OWJmOTRmNTRmMzZjNTY3OSUyMTJ6TkRuQ3NEUTRKekl4TGpraVRpQXhPTUt3TlRVbk5UVXVOeUpGJTIxNWUxJTIxM20yJTIxMXNwbCUyMTJzcGwlMjE0djE2NDM2MzQ4MDg2NTIlMjE1bTIlMjExc3BsJTIxMnNwbCUyMiUyMHdpZHRoJTNEJTIyNjAwJTIyJTIwaGVpZ2h0JTNEJTIyNDUwJTIyJTIwc3R5bGUlM0QlMjJib3JkZXIlM0EwJTNCJTIyJTIwYWxsb3dmdWxsc2NyZWVuJTNEJTIyJTIyJTIwbG9hZGluZyUzRCUyMmxhenklMjIlM0UlM0MlMkZpZnJhbWUlM0U=&#8221;][\/vc_column][\/vc_row][vc_row css=&#8221;.vc_custom_1478007643581{padding-top: 26px !important;}&#8221;][vc_column][vc_column_text] SKONTAKTUJ SI\u0118 Z NAMI Budujemy relacje biznesowe w oparciu o zaufanie, wieloletnie do\u015bwiadczenie i uczciwe praktyki. Daj nam szans\u0119, aby\u015bmy mogli pracowa\u0107 r\u00f3wnie\u017c na Tw\u00f3j sukces. &nbsp; [\/vc_column_text][vc_row_inner css=&#8221;.vc_custom_1478053234990{padding-top: 30px !important;}&#8221;][vc_column_inner width=&#8221;1\/3&#8243;][vc_column_text] NASZE BIURO Jasienica 275 43-385, JASIENICA, Polska [\/vc_column_text][\/vc_column_inner][vc_column_inner width=&#8221;1\/3&#8243;][vc_column_text] NUMERY TELEFON\u00d3W +48 33 440 [&hellip;]<\/p>\n","protected":false},"author":1,"featured_media":0,"parent":0,"menu_order":0,"comment_status":"closed","ping_status":"closed","template":"","meta":{"footnotes":""},"class_list":["post-1613","page","type-page","status-publish","hentry"],"yoast_head":"<!-- This site is optimized with the Yoast SEO Premium plugin v18.9 (Yoast SEO v27.5) - https:\/\/yoast.com\/product\/yoast-seo-premium-wordpress\/ -->\n<title>Kontakt - Sebastian Mentel IT\/PE Service<\/title>\n<meta name=\"robots\" content=\"index, follow, max-snippet:-1, max-image-preview:large, max-video-preview:-1\" \/>\n<link rel=\"canonical\" href=\"https:\/\/www.mentel-it.pl\/index.php\/contact-us\/\" \/>\n<meta property=\"og:locale\" content=\"pl_PL\" \/>\n<meta property=\"og:type\" content=\"article\" \/>\n<meta property=\"og:title\" content=\"Kontakt\" \/>\n<meta property=\"og:description\" content=\"[vc_row full_width=&#8221;stretch_row_content_no_spaces&#8221; layout=&#8221;ts-row-boxed&#8221; enable_parallax=&#8221;&#8221; el_class=&#8221;map-contact&#8221;][vc_column][vc_gmaps link=&#8221;#E-8_JTNDaWZyYW1lJTIwc3JjJTNEJTIyaHR0cHMlM0ElMkYlMkZ3d3cuZ29vZ2xlLmNvbSUyRm1hcHMlMkZlbWJlZCUzRnBiJTNEJTIxMW0xOCUyMTFtMTIlMjExbTMlMjExZDEwODcuMTM5MDk1ODE5ODE2JTIxMmQxOC45MzE2MDEyMjkyODgzMzYlMjEzZDQ5LjgwNjA4MDg2NDIyOTYzNSUyMTJtMyUyMTFmMCUyMTJmMCUyMTNmMCUyMTNtMiUyMTFpMTAyNCUyMTJpNzY4JTIxNGYxMy4xJTIxM20zJTIxMW0yJTIxMXMweDAlMjUzQTB4OWJmOTRmNTRmMzZjNTY3OSUyMTJ6TkRuQ3NEUTRKekl4TGpraVRpQXhPTUt3TlRVbk5UVXVOeUpGJTIxNWUxJTIxM20yJTIxMXNwbCUyMTJzcGwlMjE0djE2NDM2MzQ4MDg2NTIlMjE1bTIlMjExc3BsJTIxMnNwbCUyMiUyMHdpZHRoJTNEJTIyNjAwJTIyJTIwaGVpZ2h0JTNEJTIyNDUwJTIyJTIwc3R5bGUlM0QlMjJib3JkZXIlM0EwJTNCJTIyJTIwYWxsb3dmdWxsc2NyZWVuJTNEJTIyJTIyJTIwbG9hZGluZyUzRCUyMmxhenklMjIlM0UlM0MlMkZpZnJhbWUlM0U=&#8221;][\/vc_column][\/vc_row][vc_row css=&#8221;.vc_custom_1478007643581{padding-top: 26px !important;}&#8221;][vc_column][vc_column_text] SKONTAKTUJ SI\u0118 Z NAMI Budujemy relacje biznesowe w oparciu o zaufanie, wieloletnie do\u015bwiadczenie i uczciwe praktyki. Daj nam szans\u0119, aby\u015bmy mogli pracowa\u0107 r\u00f3wnie\u017c na Tw\u00f3j sukces. &nbsp; [\/vc_column_text][vc_row_inner css=&#8221;.vc_custom_1478053234990{padding-top: 30px !important;}&#8221;][vc_column_inner width=&#8221;1\/3&#8243;][vc_column_text] NASZE BIURO Jasienica 275 43-385, JASIENICA, Polska [\/vc_column_text][\/vc_column_inner][vc_column_inner width=&#8221;1\/3&#8243;][vc_column_text] NUMERY TELEFON\u00d3W +48 33 440 [&hellip;]\" \/>\n<meta property=\"og:url\" content=\"https:\/\/www.mentel-it.pl\/index.php\/contact-us\/\" \/>\n<meta property=\"og:site_name\" content=\"Sebastian Mentel IT\/PE Service\" \/>\n<meta property=\"article:modified_time\" content=\"2023-01-25T19:03:37+00:00\" \/>\n<meta name=\"twitter:card\" content=\"summary_large_image\" \/>\n<meta name=\"twitter:label1\" content=\"Szacowany czas czytania\" \/>\n\t<meta name=\"twitter:data1\" content=\"1 minuta\" \/>\n<script type=\"application\/ld+json\" class=\"yoast-schema-graph\">{\"@context\":\"https:\\\/\\\/schema.org\",\"@graph\":[{\"@type\":\"WebPage\",\"@id\":\"https:\\\/\\\/www.mentel-it.pl\\\/index.php\\\/contact-us\\\/\",\"url\":\"https:\\\/\\\/www.mentel-it.pl\\\/index.php\\\/contact-us\\\/\",\"name\":\"Kontakt - Sebastian Mentel IT\\\/PE Service\",\"isPartOf\":{\"@id\":\"https:\\\/\\\/www.mentel-it.pl\\\/#website\"},\"datePublished\":\"2015-02-03T14:49:09+00:00\",\"dateModified\":\"2023-01-25T19:03:37+00:00\",\"breadcrumb\":{\"@id\":\"https:\\\/\\\/www.mentel-it.pl\\\/index.php\\\/contact-us\\\/#breadcrumb\"},\"inLanguage\":\"pl-PL\",\"potentialAction\":[{\"@type\":\"ReadAction\",\"target\":[\"https:\\\/\\\/www.mentel-it.pl\\\/index.php\\\/contact-us\\\/\"]}]},{\"@type\":\"BreadcrumbList\",\"@id\":\"https:\\\/\\\/www.mentel-it.pl\\\/index.php\\\/contact-us\\\/#breadcrumb\",\"itemListElement\":[{\"@type\":\"ListItem\",\"position\":1,\"name\":\"Strona g\u0142\u00f3wna\",\"item\":\"https:\\\/\\\/www.mentel-it.pl\\\/\"},{\"@type\":\"ListItem\",\"position\":2,\"name\":\"Kontakt\"}]},{\"@type\":\"WebSite\",\"@id\":\"https:\\\/\\\/www.mentel-it.pl\\\/#website\",\"url\":\"https:\\\/\\\/www.mentel-it.pl\\\/\",\"name\":\"Sebastian Mentel IT\\\/PE Service\",\"description\":\"Us\u0142ugi w zakresie projektowania, budowy i zarz\u0105dzania sieciami \u015bwiat\u0142owodowymi, monitoring, kontrola dost\u0119pu\",\"publisher\":{\"@id\":\"https:\\\/\\\/www.mentel-it.pl\\\/#organization\"},\"potentialAction\":[{\"@type\":\"SearchAction\",\"target\":{\"@type\":\"EntryPoint\",\"urlTemplate\":\"https:\\\/\\\/www.mentel-it.pl\\\/?s={search_term_string}\"},\"query-input\":{\"@type\":\"PropertyValueSpecification\",\"valueRequired\":true,\"valueName\":\"search_term_string\"}}],\"inLanguage\":\"pl-PL\"},{\"@type\":\"Organization\",\"@id\":\"https:\\\/\\\/www.mentel-it.pl\\\/#organization\",\"name\":\"Sebastian Mentel IT\\\/PE Service\",\"url\":\"https:\\\/\\\/www.mentel-it.pl\\\/\",\"logo\":{\"@type\":\"ImageObject\",\"inLanguage\":\"pl-PL\",\"@id\":\"https:\\\/\\\/www.mentel-it.pl\\\/#\\\/schema\\\/logo\\\/image\\\/\",\"url\":\"https:\\\/\\\/www.mentel-it.pl\\\/wp-content\\\/uploads\\\/2022\\\/08\\\/streaming-wideo.jpg\",\"contentUrl\":\"https:\\\/\\\/www.mentel-it.pl\\\/wp-content\\\/uploads\\\/2022\\\/08\\\/streaming-wideo.jpg\",\"width\":1920,\"height\":1080,\"caption\":\"Sebastian Mentel IT\\\/PE Service\"},\"image\":{\"@id\":\"https:\\\/\\\/www.mentel-it.pl\\\/#\\\/schema\\\/logo\\\/image\\\/\"}}]}<\/script>\n<!-- \/ Yoast SEO Premium plugin. -->","yoast_head_json":{"title":"Kontakt - Sebastian Mentel IT\/PE Service","robots":{"index":"index","follow":"follow","max-snippet":"max-snippet:-1","max-image-preview":"max-image-preview:large","max-video-preview":"max-video-preview:-1"},"canonical":"https:\/\/www.mentel-it.pl\/index.php\/contact-us\/","og_locale":"pl_PL","og_type":"article","og_title":"Kontakt","og_description":"[vc_row full_width=&#8221;stretch_row_content_no_spaces&#8221; layout=&#8221;ts-row-boxed&#8221; enable_parallax=&#8221;&#8221; el_class=&#8221;map-contact&#8221;][vc_column][vc_gmaps link=&#8221;#E-8_JTNDaWZyYW1lJTIwc3JjJTNEJTIyaHR0cHMlM0ElMkYlMkZ3d3cuZ29vZ2xlLmNvbSUyRm1hcHMlMkZlbWJlZCUzRnBiJTNEJTIxMW0xOCUyMTFtMTIlMjExbTMlMjExZDEwODcuMTM5MDk1ODE5ODE2JTIxMmQxOC45MzE2MDEyMjkyODgzMzYlMjEzZDQ5LjgwNjA4MDg2NDIyOTYzNSUyMTJtMyUyMTFmMCUyMTJmMCUyMTNmMCUyMTNtMiUyMTFpMTAyNCUyMTJpNzY4JTIxNGYxMy4xJTIxM20zJTIxMW0yJTIxMXMweDAlMjUzQTB4OWJmOTRmNTRmMzZjNTY3OSUyMTJ6TkRuQ3NEUTRKekl4TGpraVRpQXhPTUt3TlRVbk5UVXVOeUpGJTIxNWUxJTIxM20yJTIxMXNwbCUyMTJzcGwlMjE0djE2NDM2MzQ4MDg2NTIlMjE1bTIlMjExc3BsJTIxMnNwbCUyMiUyMHdpZHRoJTNEJTIyNjAwJTIyJTIwaGVpZ2h0JTNEJTIyNDUwJTIyJTIwc3R5bGUlM0QlMjJib3JkZXIlM0EwJTNCJTIyJTIwYWxsb3dmdWxsc2NyZWVuJTNEJTIyJTIyJTIwbG9hZGluZyUzRCUyMmxhenklMjIlM0UlM0MlMkZpZnJhbWUlM0U=&#8221;][\/vc_column][\/vc_row][vc_row css=&#8221;.vc_custom_1478007643581{padding-top: 26px !important;}&#8221;][vc_column][vc_column_text] SKONTAKTUJ SI\u0118 Z NAMI Budujemy relacje biznesowe w oparciu o zaufanie, wieloletnie do\u015bwiadczenie i uczciwe praktyki. Daj nam szans\u0119, aby\u015bmy mogli pracowa\u0107 r\u00f3wnie\u017c na Tw\u00f3j sukces. &nbsp; [\/vc_column_text][vc_row_inner css=&#8221;.vc_custom_1478053234990{padding-top: 30px !important;}&#8221;][vc_column_inner width=&#8221;1\/3&#8243;][vc_column_text] NASZE BIURO Jasienica 275 43-385, JASIENICA, Polska [\/vc_column_text][\/vc_column_inner][vc_column_inner width=&#8221;1\/3&#8243;][vc_column_text] NUMERY TELEFON\u00d3W +48 33 440 [&hellip;]","og_url":"https:\/\/www.mentel-it.pl\/index.php\/contact-us\/","og_site_name":"Sebastian Mentel IT\/PE Service","article_modified_time":"2023-01-25T19:03:37+00:00","twitter_card":"summary_large_image","twitter_misc":{"Szacowany czas czytania":"1 minuta"},"schema":{"@context":"https:\/\/schema.org","@graph":[{"@type":"WebPage","@id":"https:\/\/www.mentel-it.pl\/index.php\/contact-us\/","url":"https:\/\/www.mentel-it.pl\/index.php\/contact-us\/","name":"Kontakt - Sebastian Mentel IT\/PE Service","isPartOf":{"@id":"https:\/\/www.mentel-it.pl\/#website"},"datePublished":"2015-02-03T14:49:09+00:00","dateModified":"2023-01-25T19:03:37+00:00","breadcrumb":{"@id":"https:\/\/www.mentel-it.pl\/index.php\/contact-us\/#breadcrumb"},"inLanguage":"pl-PL","potentialAction":[{"@type":"ReadAction","target":["https:\/\/www.mentel-it.pl\/index.php\/contact-us\/"]}]},{"@type":"BreadcrumbList","@id":"https:\/\/www.mentel-it.pl\/index.php\/contact-us\/#breadcrumb","itemListElement":[{"@type":"ListItem","position":1,"name":"Strona g\u0142\u00f3wna","item":"https:\/\/www.mentel-it.pl\/"},{"@type":"ListItem","position":2,"name":"Kontakt"}]},{"@type":"WebSite","@id":"https:\/\/www.mentel-it.pl\/#website","url":"https:\/\/www.mentel-it.pl\/","name":"Sebastian Mentel IT\/PE Service","description":"Us\u0142ugi w zakresie projektowania, budowy i zarz\u0105dzania sieciami \u015bwiat\u0142owodowymi, monitoring, kontrola dost\u0119pu","publisher":{"@id":"https:\/\/www.mentel-it.pl\/#organization"},"potentialAction":[{"@type":"SearchAction","target":{"@type":"EntryPoint","urlTemplate":"https:\/\/www.mentel-it.pl\/?s={search_term_string}"},"query-input":{"@type":"PropertyValueSpecification","valueRequired":true,"valueName":"search_term_string"}}],"inLanguage":"pl-PL"},{"@type":"Organization","@id":"https:\/\/www.mentel-it.pl\/#organization","name":"Sebastian Mentel IT\/PE Service","url":"https:\/\/www.mentel-it.pl\/","logo":{"@type":"ImageObject","inLanguage":"pl-PL","@id":"https:\/\/www.mentel-it.pl\/#\/schema\/logo\/image\/","url":"https:\/\/www.mentel-it.pl\/wp-content\/uploads\/2022\/08\/streaming-wideo.jpg","contentUrl":"https:\/\/www.mentel-it.pl\/wp-content\/uploads\/2022\/08\/streaming-wideo.jpg","width":1920,"height":1080,"caption":"Sebastian Mentel IT\/PE Service"},"image":{"@id":"https:\/\/www.mentel-it.pl\/#\/schema\/logo\/image\/"}}]}},"_links":{"self":[{"href":"https:\/\/www.mentel-it.pl\/index.php\/wp-json\/wp\/v2\/pages\/1613","targetHints":{"allow":["GET"]}}],"collection":[{"href":"https:\/\/www.mentel-it.pl\/index.php\/wp-json\/wp\/v2\/pages"}],"about":[{"href":"https:\/\/www.mentel-it.pl\/index.php\/wp-json\/wp\/v2\/types\/page"}],"author":[{"embeddable":true,"href":"https:\/\/www.mentel-it.pl\/index.php\/wp-json\/wp\/v2\/users\/1"}],"replies":[{"embeddable":true,"href":"https:\/\/www.mentel-it.pl\/index.php\/wp-json\/wp\/v2\/comments?post=1613"}],"version-history":[{"count":9,"href":"https:\/\/www.mentel-it.pl\/index.php\/wp-json\/wp\/v2\/pages\/1613\/revisions"}],"predecessor-version":[{"id":8485,"href":"https:\/\/www.mentel-it.pl\/index.php\/wp-json\/wp\/v2\/pages\/1613\/revisions\/8485"}],"wp:attachment":[{"href":"https:\/\/www.mentel-it.pl\/index.php\/wp-json\/wp\/v2\/media?parent=1613"}],"curies":[{"name":"wp","href":"https:\/\/api.w.org\/{rel}","templated":true}]}}