{"id":5448,"date":"2016-08-22T10:49:45","date_gmt":"2016-08-22T03:49:45","guid":{"rendered":"http:\/\/www.mentel-it.pl\/?page_id=5448"},"modified":"2022-08-12T01:33:27","modified_gmt":"2022-08-11T23:33:27","slug":"supermarket","status":"publish","type":"page","link":"https:\/\/www.mentel-it.pl\/","title":{"rendered":"Sieci \u015bwiat\u0142owodowe, budowa i obs\u0142uga"},"content":{"rendered":"<div class=\"wpb-content-wrapper\"><p>[vc_row][vc_column width=&#8221;2\/3&#8243;]\n\t\t\t<!-- START Home supermarket 21 REVOLUTION SLIDER 6.6.12 --><p class=\"rs-p-wp-fix\"><\/p>\n\t\t\t<rs-module-wrap id=\"rev_slider_16_1_wrapper\" data-source=\"gallery\" style=\"visibility:hidden;background:#99d9e3;padding:0;margin:0px auto;margin-top:0;margin-bottom:0;\">\n\t\t\t\t<rs-module id=\"rev_slider_16_1\" style=\"\" data-version=\"6.6.12\">\n\t\t\t\t\t<rs-slides style=\"overflow: hidden; position: absolute;\">\n\t\t\t\t\t\t<rs-slide style=\"position: absolute;\" data-key=\"rs-46\" data-title=\"Slide\" data-thumb=\"\/\/www.mentel-it.pl\/wp-content\/uploads\/2020\/05\/fiber-cables-100x50.jpg\" data-anim=\"ms:600;r:0;\" data-in=\"o:0;\" data-out=\"a:false;\">\n\t\t\t\t\t\t\t<img decoding=\"async\" src=\"\/\/www.mentel-it.pl\/wp-content\/plugins\/revslider\/public\/assets\/assets\/dummy.png\" alt=\"\" title=\"fiber cables\" width=\"880\" height=\"410\" class=\"rev-slidebg tp-rs-img rs-lazyload\" data-lazyload=\"\/\/www.mentel-it.pl\/wp-content\/uploads\/2020\/05\/fiber-cables.jpg\" data-no-retina>\n<!--\n\t\t\t\t\t\t\t--><rs-layer\n\t\t\t\t\t\t\t\tid=\"slider-16-slide-46-layer-2\" \n\t\t\t\t\t\t\t\tclass=\"ts-heading-3\"\n\t\t\t\t\t\t\t\tdata-type=\"text\"\n\t\t\t\t\t\t\t\tdata-color=\"#ffffff\"\n\t\t\t\t\t\t\t\tdata-rsp_ch=\"on\"\n\t\t\t\t\t\t\t\tdata-xy=\"x:49px;y:34px;\"\n\t\t\t\t\t\t\t\tdata-text=\"s:30;l:36;fw:700;a:inherit;\"\n\t\t\t\t\t\t\t\tdata-frame_0=\"x:left;o:1;\"\n\t\t\t\t\t\t\t\tdata-frame_1=\"e:expo.inOut;st:900;sp:600;sR:900;\"\n\t\t\t\t\t\t\t\tdata-frame_999=\"x:left;e:expo.inOut;st:w;sp:500;sR:7500;\"\n\t\t\t\t\t\t\t\tstyle=\"z-index:8;background-color:rgba(104,104,104,0.6);font-family:'Lato';\"\n\t\t\t\t\t\t\t>WITAMY NA STRONIE \n\t\t\t\t\t\t\t<\/rs-layer><!--\n\n\t\t\t\t\t\t\t--><rs-layer\n\t\t\t\t\t\t\t\tid=\"slider-16-slide-46-layer-3\" \n\t\t\t\t\t\t\t\tclass=\"ts-heading-1\"\n\t\t\t\t\t\t\t\tdata-type=\"text\"\n\t\t\t\t\t\t\t\tdata-color=\"rgba(255, 255, 255, 1)\"\n\t\t\t\t\t\t\t\tdata-rsp_ch=\"on\"\n\t\t\t\t\t\t\t\tdata-xy=\"x:49px;y:69px;\"\n\t\t\t\t\t\t\t\tdata-text=\"s:60;l:68;fw:900;a:inherit;\"\n\t\t\t\t\t\t\t\tdata-frame_0=\"o:1;\"\n\t\t\t\t\t\t\t\tdata-frame_0_chars=\"d:5;y:100%;o:1;rZ:-35deg;\"\n\t\t\t\t\t\t\t\tdata-frame_0_mask=\"u:t;\"\n\t\t\t\t\t\t\t\tdata-frame_1=\"e:expo.inOut;st:1000;sp:1000;sR:1000;\"\n\t\t\t\t\t\t\t\tdata-frame_1_chars=\"dir:random;d:5;\"\n\t\t\t\t\t\t\t\tdata-frame_1_mask=\"u:t;\"\n\t\t\t\t\t\t\t\tdata-frame_999=\"x:0;y:0;z:0;sX:0;sY:0;o:0;rX:0;rY:0;rZ:0;skX:0;skY:0;e:expo.inOut;st:w;sp:500;sR:6650;\"\n\t\t\t\t\t\t\t\tstyle=\"z-index:5;background-color:rgba(104,104,104,0.6);font-family:'Lato';\"\n\t\t\t\t\t\t\t>MENTEL-IT\/PE SERVICE \n\t\t\t\t\t\t\t<\/rs-layer><!--\n\n\t\t\t\t\t\t\t--><rs-layer\n\t\t\t\t\t\t\t\tid=\"slider-16-slide-46-layer-4\" \n\t\t\t\t\t\t\t\tclass=\"ts-description\"\n\t\t\t\t\t\t\t\tdata-type=\"text\"\n\t\t\t\t\t\t\t\tdata-color=\"rgba(255, 255, 255, 1)\"\n\t\t\t\t\t\t\t\tdata-rsp_ch=\"on\"\n\t\t\t\t\t\t\t\tdata-xy=\"x:49px;y:139px;\"\n\t\t\t\t\t\t\t\tdata-text=\"s:17;l:20;ls:1px;a:inherit;\"\n\t\t\t\t\t\t\t\tdata-dim=\"h:22px;\"\n\t\t\t\t\t\t\t\tdata-frame_0=\"x:left;o:1;\"\n\t\t\t\t\t\t\t\tdata-frame_1=\"e:expo.inOut;st:1500;sp:600;sR:1500;\"\n\t\t\t\t\t\t\t\tdata-frame_999=\"x:left;e:expo.inOut;st:w;sp:500;sR:6900;\"\n\t\t\t\t\t\t\t\tstyle=\"z-index:11;background-color:rgba(104,104,104,0.8);font-family:'Roboto';\"\n\t\t\t\t\t\t\t>TWOJEGO PARTNERA W ROZWI\u0104ZANIACH SIECIOWYCH \n\t\t\t\t\t\t\t<\/rs-layer><!--\n-->\t\t\t\t\t\t<\/rs-slide>\n\t\t\t\t\t\t<rs-slide style=\"position: absolute;\" data-key=\"rs-47\" data-title=\"Slide\" data-thumb=\"\/\/www.mentel-it.pl\/wp-content\/uploads\/2020\/05\/fiber_cables_2-100x50.jpg\" data-anim=\"ms:600;r:0;\" data-in=\"o:0;\" data-out=\"a:false;\">\n\t\t\t\t\t\t\t<img decoding=\"async\" src=\"\/\/www.mentel-it.pl\/wp-content\/plugins\/revslider\/public\/assets\/assets\/dummy.png\" alt=\"\u015bwiat\u0142owody\" title=\"fiber_cables_2\" width=\"880\" height=\"410\" class=\"rev-slidebg tp-rs-img rs-lazyload\" data-lazyload=\"\/\/www.mentel-it.pl\/wp-content\/uploads\/2020\/05\/fiber_cables_2.jpg\" data-no-retina>\n<!--\n\t\t\t\t\t\t\t--><rs-layer\n\t\t\t\t\t\t\t\tid=\"slider-16-slide-47-layer-2\" \n\t\t\t\t\t\t\t\tclass=\"ts-heading-3\"\n\t\t\t\t\t\t\t\tdata-type=\"text\"\n\t\t\t\t\t\t\t\tdata-color=\"#ffffff\"\n\t\t\t\t\t\t\t\tdata-rsp_ch=\"on\"\n\t\t\t\t\t\t\t\tdata-xy=\"x:61px;y:128px;\"\n\t\t\t\t\t\t\t\tdata-text=\"s:30;l:36;fw:700;a:inherit;\"\n\t\t\t\t\t\t\t\tdata-frame_0=\"x:left;o:1;\"\n\t\t\t\t\t\t\t\tdata-frame_1=\"e:expo.inOut;st:500;sp:600;sR:500;\"\n\t\t\t\t\t\t\t\tdata-frame_999=\"x:left;e:expo.inOut;st:w;sp:500;sR:7900;\"\n\t\t\t\t\t\t\t\tstyle=\"z-index:5;background-color:rgba(104,104,104,0.6);font-family:'Lato';\"\n\t\t\t\t\t\t\t>PROJEKTOWANIE, BUDOWA, OBS\u0141UGA \n\t\t\t\t\t\t\t<\/rs-layer><!--\n\n\t\t\t\t\t\t\t--><rs-layer\n\t\t\t\t\t\t\t\tid=\"slider-16-slide-47-layer-3\" \n\t\t\t\t\t\t\t\tclass=\"ts-heading-1\"\n\t\t\t\t\t\t\t\tdata-type=\"text\"\n\t\t\t\t\t\t\t\tdata-color=\"rgba(255, 255, 255, 1)\"\n\t\t\t\t\t\t\t\tdata-rsp_ch=\"on\"\n\t\t\t\t\t\t\t\tdata-xy=\"x:61px;y:162px;\"\n\t\t\t\t\t\t\t\tdata-text=\"s:60;l:68;fw:900;a:inherit;\"\n\t\t\t\t\t\t\t\tdata-frame_0=\"o:1;\"\n\t\t\t\t\t\t\t\tdata-frame_0_chars=\"d:5;y:100%;o:1;rZ:-35deg;\"\n\t\t\t\t\t\t\t\tdata-frame_0_mask=\"u:t;\"\n\t\t\t\t\t\t\t\tdata-frame_1=\"e:expo.inOut;st:600;sp:1000;sR:600;\"\n\t\t\t\t\t\t\t\tdata-frame_1_chars=\"dir:random;d:5;\"\n\t\t\t\t\t\t\t\tdata-frame_1_mask=\"u:t;\"\n\t\t\t\t\t\t\t\tdata-frame_999=\"x:0;y:0;z:0;sX:0;sY:0;o:0;rX:0;rY:0;rZ:0;skX:0;skY:0;e:expo.inOut;st:w;sp:500;sR:6900;\"\n\t\t\t\t\t\t\t\tstyle=\"z-index:6;background-color:rgba(104,104,104,0.6);font-family:'Lato';\"\n\t\t\t\t\t\t\t>SIECI \u015aWIAT\u0141OWODWYCH \n\t\t\t\t\t\t\t<\/rs-layer><!--\n\n\t\t\t\t\t\t\t--><a\n\t\t\t\t\t\t\t\tid=\"slider-16-slide-47-layer-9\" \n\t\t\t\t\t\t\t\tclass=\"rs-layer rev-btn\"\n\t\t\t\t\t\t\t\thref=\"https:\/\/www.mentel-it.pl\/index.php\/projektowanie-i-budowa-sieci-swiatlowodowych\/\" target=\"_self\" rel=\"nofollow\"\n\t\t\t\t\t\t\t\tdata-type=\"button\"\n\t\t\t\t\t\t\t\tdata-color=\"rgba(255,255,255,1)\"\n\t\t\t\t\t\t\t\tdata-xy=\"x:60px;y:245px;\"\n\t\t\t\t\t\t\t\tdata-text=\"s:14;l:24;fw:500;a:inherit;\"\n\t\t\t\t\t\t\t\tdata-rsp_bd=\"off\"\n\t\t\t\t\t\t\t\tdata-padding=\"t:12;r:35;b:12;l:35;\"\n\t\t\t\t\t\t\t\tdata-frame_0=\"sX:0;sY:0;\"\n\t\t\t\t\t\t\t\tdata-frame_1=\"e:expo.inOut;st:1400;sp:600;sR:1400;\"\n\t\t\t\t\t\t\t\tdata-frame_999=\"x:0;y:0;z:0;sX:0;sY:0;o:0;rX:0;rY:0;rZ:0;skX:0;skY:0;e:expo.inOut;st:w;sp:500;sR:7000;\"\n\t\t\t\t\t\t\t\tdata-frame_hover=\"bgc:#000;boc:#000;bor:0px,0px,0px,0px;bos:solid;oX:50;oY:50;sp:0;\"\n\t\t\t\t\t\t\t\tstyle=\"z-index:8;background-color:rgba(104,104,104,0.8);font-family:'Roboto';cursor:pointer;outline:none;box-shadow:none;box-sizing:border-box;-moz-box-sizing:border-box;-webkit-box-sizing:border-box;\"\n\t\t\t\t\t\t\t>SPRAWD\u0179 \n\t\t\t\t\t\t\t<\/a><!--\n-->\t\t\t\t\t\t<\/rs-slide>\n\t\t\t\t\t\t<rs-slide style=\"position: absolute;\" data-key=\"rs-48\" data-title=\"Slide\" data-thumb=\"\/\/www.mentel-it.pl\/wp-content\/uploads\/2020\/05\/msza_online-100x50.jpg\" data-anim=\"ms:600;r:0;\" data-in=\"o:0;\" data-out=\"a:false;\">\n\t\t\t\t\t\t\t<img decoding=\"async\" src=\"\/\/www.mentel-it.pl\/wp-content\/plugins\/revslider\/public\/assets\/assets\/dummy.png\" alt=\"Msza-online\" title=\"msza_online\" width=\"880\" height=\"410\" class=\"rev-slidebg tp-rs-img rs-lazyload\" data-lazyload=\"\/\/www.mentel-it.pl\/wp-content\/uploads\/2020\/05\/msza_online.jpg\" data-no-retina>\n<!--\n\t\t\t\t\t\t\t--><rs-layer\n\t\t\t\t\t\t\t\tid=\"slider-16-slide-48-layer-2\" \n\t\t\t\t\t\t\t\tclass=\"ts-heading-3\"\n\t\t\t\t\t\t\t\tdata-type=\"text\"\n\t\t\t\t\t\t\t\tdata-color=\"#ffffff\"\n\t\t\t\t\t\t\t\tdata-rsp_ch=\"on\"\n\t\t\t\t\t\t\t\tdata-xy=\"x:r;xo:60px;y:100px;\"\n\t\t\t\t\t\t\t\tdata-text=\"s:30;l:36;fw:700;a:inherit;\"\n\t\t\t\t\t\t\t\tdata-frame_0=\"x:right;o:1;\"\n\t\t\t\t\t\t\t\tdata-frame_1=\"e:expo.inOut;st:500;sp:600;sR:500;\"\n\t\t\t\t\t\t\t\tdata-frame_999=\"x:left;e:expo.inOut;st:w;sp:500;sR:7900;\"\n\t\t\t\t\t\t\t\tstyle=\"z-index:5;background-color:rgba(104,104,104,0.6);font-family:'Lato';\"\n\t\t\t\t\t\t\t>TRANSMISJA NA \u017bYWO \n\t\t\t\t\t\t\t<\/rs-layer><!--\n\n\t\t\t\t\t\t\t--><rs-layer\n\t\t\t\t\t\t\t\tid=\"slider-16-slide-48-layer-3\" \n\t\t\t\t\t\t\t\tclass=\"ts-heading-1\"\n\t\t\t\t\t\t\t\tdata-type=\"text\"\n\t\t\t\t\t\t\t\tdata-color=\"rgba(255, 255, 255, 1)\"\n\t\t\t\t\t\t\t\tdata-rsp_ch=\"on\"\n\t\t\t\t\t\t\t\tdata-xy=\"x:r;xo:60px;y:135px;\"\n\t\t\t\t\t\t\t\tdata-text=\"s:60;l:68;fw:900;a:inherit;\"\n\t\t\t\t\t\t\t\tdata-frame_0=\"o:1;\"\n\t\t\t\t\t\t\t\tdata-frame_0_chars=\"d:5;y:100%;o:1;rZ:-35deg;\"\n\t\t\t\t\t\t\t\tdata-frame_0_mask=\"u:t;\"\n\t\t\t\t\t\t\t\tdata-frame_1=\"e:expo.inOut;st:600;sp:1000;sR:600;\"\n\t\t\t\t\t\t\t\tdata-frame_1_chars=\"dir:random;d:5;\"\n\t\t\t\t\t\t\t\tdata-frame_1_mask=\"u:t;\"\n\t\t\t\t\t\t\t\tdata-frame_999=\"x:0;y:0;z:0;sX:0;sY:0;o:0;rX:0;rY:0;rZ:0;skX:0;skY:0;e:expo.inOut;st:w;sp:500;sR:7100;\"\n\t\t\t\t\t\t\t\tstyle=\"z-index:6;background-color:rgba(104,104,104,0.6);font-family:'Lato';\"\n\t\t\t\t\t\t\t>MSZY \u015aWI\u0118TYCH \n\t\t\t\t\t\t\t<\/rs-layer><!--\n\n\t\t\t\t\t\t\t--><a\n\t\t\t\t\t\t\t\tid=\"slider-16-slide-48-layer-9\" \n\t\t\t\t\t\t\t\tclass=\"rs-layer rev-btn\"\n\t\t\t\t\t\t\t\thref=\"https:\/\/www.mentel-it.pl\/index.php\/streaming-wideo\/\" target=\"_self\" rel=\"nofollow\"\n\t\t\t\t\t\t\t\tdata-type=\"button\"\n\t\t\t\t\t\t\t\tdata-color=\"rgba(255,255,255,1)\"\n\t\t\t\t\t\t\t\tdata-xy=\"x:r;xo:60px;y:245px;\"\n\t\t\t\t\t\t\t\tdata-text=\"s:14;l:24;fw:500;a:inherit;\"\n\t\t\t\t\t\t\t\tdata-rsp_bd=\"off\"\n\t\t\t\t\t\t\t\tdata-padding=\"t:12;r:35;b:12;l:35;\"\n\t\t\t\t\t\t\t\tdata-frame_0=\"sX:0;sY:0;\"\n\t\t\t\t\t\t\t\tdata-frame_1=\"e:expo.inOut;st:1400;sp:600;sR:1400;\"\n\t\t\t\t\t\t\t\tdata-frame_999=\"x:0;y:0;z:0;sX:0;sY:0;o:0;rX:0;rY:0;rZ:0;skX:0;skY:0;e:expo.inOut;st:w;sp:500;sR:7000;\"\n\t\t\t\t\t\t\t\tdata-frame_hover=\"bgc:#000;boc:#000;bor:0px,0px,0px,0px;bos:solid;oX:50;oY:50;sp:0;\"\n\t\t\t\t\t\t\t\tstyle=\"z-index:8;background-color:#0a84cd;font-family:'Roboto';cursor:pointer;outline:none;box-shadow:none;box-sizing:border-box;-moz-box-sizing:border-box;-webkit-box-sizing:border-box;\"\n\t\t\t\t\t\t\t>ZAPRASZAMY! \n\t\t\t\t\t\t\t<\/a><!--\n-->\t\t\t\t\t\t<\/rs-slide>\n\t\t\t\t\t<\/rs-slides>\n\t\t\t\t<\/rs-module>\n\t\t\t\t<script>\n\t\t\t\t\tsetREVStartSize({c: 'rev_slider_16_1',rl:[1240,1024,778,480],el:[410],gw:[880],gh:[410],type:'standard',justify:'',layout:'fullwidth',mh:\"0\"});if (window.RS_MODULES!==undefined && window.RS_MODULES.modules!==undefined && window.RS_MODULES.modules[\"revslider161\"]!==undefined) {window.RS_MODULES.modules[\"revslider161\"].once = false;window.revapi16 = undefined;if (window.RS_MODULES.checkMinimal!==undefined) window.RS_MODULES.checkMinimal()}\n\t\t\t\t<\/script>\n\t\t\t<\/rs-module-wrap>\n\t\t\t<!-- END REVOLUTION SLIDER -->\n[\/vc_column][vc_column width=&#8221;1\/3&#8243;][vc_single_image image=&#8221;8341&#8243; img_size=&#8221;full&#8221;][\/vc_column][\/vc_row][vc_row][vc_column width=&#8221;2\/3&#8243;][vc_single_image image=&#8221;8333&#8243; img_size=&#8221;full&#8221; onclick=&#8221;custom_link&#8221; link=&#8221;https:\/\/www.mentel-it.pl\/index.php\/referencje\/&#8221;][\/vc_column][vc_column width=&#8221;1\/3&#8243;][vc_single_image image=&#8221;8388&#8243; img_size=&#8221;full&#8221; onclick=&#8221;custom_link&#8221; link=&#8221;https:\/\/www.mentel-it.pl\/index.php\/pomiary-reflektometryczne\/&#8221;][\/vc_column][\/vc_row]<\/p>\n<\/div>","protected":false},"excerpt":{"rendered":"<p>[vc_row][vc_column width=&#8221;2\/3&#8243;][\/vc_column][vc_column width=&#8221;1\/3&#8243;][vc_single_image image=&#8221;8341&#8243; img_size=&#8221;full&#8221;][\/vc_column][\/vc_row][vc_row][vc_column width=&#8221;2\/3&#8243;][vc_single_image image=&#8221;8333&#8243; img_size=&#8221;full&#8221; onclick=&#8221;custom_link&#8221; link=&#8221;https:\/\/www.mentel-it.pl\/index.php\/referencje\/&#8221;][\/vc_column][vc_column width=&#8221;1\/3&#8243;][vc_single_image image=&#8221;8388&#8243; img_size=&#8221;full&#8221; onclick=&#8221;custom_link&#8221; link=&#8221;https:\/\/www.mentel-it.pl\/index.php\/pomiary-reflektometryczne\/&#8221;][\/vc_column][\/vc_row]<\/p>\n","protected":false},"author":1,"featured_media":8251,"parent":0,"menu_order":0,"comment_status":"closed","ping_status":"closed","template":"","meta":{"footnotes":""},"class_list":["post-5448","page","type-page","status-publish","has-post-thumbnail","hentry"],"yoast_head":"<!-- This site is optimized with the Yoast SEO Premium plugin v18.9 (Yoast SEO v27.5) - https:\/\/yoast.com\/product\/yoast-seo-premium-wordpress\/ -->\n<title>Sieci \u015bwiat\u0142owodowe, budowa i obs\u0142uga - Sebastian Mentel IT\/PE Service<\/title>\n<meta name=\"description\" content=\"Projektujemy, budujemy i obs\u0142ugujemy sieci \u015bwiat\u0142owodowe. Prowadzimy pomiary reflektometryczne. Projektujemy i wdra\u017camy sieci monitoringu.\" \/>\n<meta name=\"robots\" content=\"index, follow, max-snippet:-1, max-image-preview:large, max-video-preview:-1\" \/>\n<link rel=\"canonical\" href=\"https:\/\/www.mentel-it.pl\/\" \/>\n<meta property=\"og:locale\" content=\"pl_PL\" \/>\n<meta property=\"og:type\" content=\"article\" \/>\n<meta property=\"og:title\" content=\"Sieci \u015bwiat\u0142owodowe, budowa i obs\u0142uga\" \/>\n<meta property=\"og:description\" content=\"Projektujemy, budujemy i obs\u0142ugujemy sieci \u015bwiat\u0142owodowe. Prowadzimy pomiary reflektometryczne. Projektujemy i wdra\u017camy sieci monitoringu.\" \/>\n<meta property=\"og:url\" content=\"https:\/\/www.mentel-it.pl\/\" \/>\n<meta property=\"og:site_name\" content=\"Sebastian Mentel IT\/PE Service\" \/>\n<meta property=\"article:modified_time\" content=\"2022-08-11T23:33:27+00:00\" \/>\n<meta property=\"og:image\" content=\"https:\/\/www.mentel-it.pl\/wp-content\/uploads\/2020\/05\/Optic-fiber-light-network_2560x1920.jpg\" \/>\n\t<meta property=\"og:image:width\" content=\"2560\" \/>\n\t<meta property=\"og:image:height\" content=\"1920\" \/>\n\t<meta property=\"og:image:type\" content=\"image\/jpeg\" \/>\n<meta name=\"twitter:card\" content=\"summary_large_image\" \/>\n<meta name=\"twitter:label1\" content=\"Szacowany czas czytania\" \/>\n\t<meta name=\"twitter:data1\" content=\"1 minuta\" \/>\n<script type=\"application\/ld+json\" class=\"yoast-schema-graph\">{\"@context\":\"https:\\\/\\\/schema.org\",\"@graph\":[{\"@type\":\"WebPage\",\"@id\":\"https:\\\/\\\/www.mentel-it.pl\\\/\",\"url\":\"https:\\\/\\\/www.mentel-it.pl\\\/\",\"name\":\"Sieci \u015bwiat\u0142owodowe, budowa i obs\u0142uga - Sebastian Mentel IT\\\/PE Service\",\"isPartOf\":{\"@id\":\"https:\\\/\\\/www.mentel-it.pl\\\/#website\"},\"primaryImageOfPage\":{\"@id\":\"https:\\\/\\\/www.mentel-it.pl\\\/#primaryimage\"},\"image\":{\"@id\":\"https:\\\/\\\/www.mentel-it.pl\\\/#primaryimage\"},\"thumbnailUrl\":\"https:\\\/\\\/www.mentel-it.pl\\\/wp-content\\\/uploads\\\/2020\\\/05\\\/Optic-fiber-light-network_2560x1920.jpg\",\"datePublished\":\"2016-08-22T03:49:45+00:00\",\"dateModified\":\"2022-08-11T23:33:27+00:00\",\"description\":\"Projektujemy, budujemy i obs\u0142ugujemy sieci \u015bwiat\u0142owodowe. Prowadzimy pomiary reflektometryczne. Projektujemy i wdra\u017camy sieci monitoringu.\",\"breadcrumb\":{\"@id\":\"https:\\\/\\\/www.mentel-it.pl\\\/#breadcrumb\"},\"inLanguage\":\"pl-PL\",\"potentialAction\":[{\"@type\":\"ReadAction\",\"target\":[\"https:\\\/\\\/www.mentel-it.pl\\\/\"]}]},{\"@type\":\"ImageObject\",\"inLanguage\":\"pl-PL\",\"@id\":\"https:\\\/\\\/www.mentel-it.pl\\\/#primaryimage\",\"url\":\"https:\\\/\\\/www.mentel-it.pl\\\/wp-content\\\/uploads\\\/2020\\\/05\\\/Optic-fiber-light-network_2560x1920.jpg\",\"contentUrl\":\"https:\\\/\\\/www.mentel-it.pl\\\/wp-content\\\/uploads\\\/2020\\\/05\\\/Optic-fiber-light-network_2560x1920.jpg\",\"width\":2560,\"height\":1920,\"caption\":\"Sieci \u015bwiat\u0142owodowe\"},{\"@type\":\"BreadcrumbList\",\"@id\":\"https:\\\/\\\/www.mentel-it.pl\\\/#breadcrumb\",\"itemListElement\":[{\"@type\":\"ListItem\",\"position\":1,\"name\":\"Strona g\u0142\u00f3wna\",\"item\":\"https:\\\/\\\/www.mentel-it.pl\\\/\"},{\"@type\":\"ListItem\",\"position\":2,\"name\":\"Sieci \u015bwiat\u0142owodowe, budowa i obs\u0142uga\"}]},{\"@type\":\"WebSite\",\"@id\":\"https:\\\/\\\/www.mentel-it.pl\\\/#website\",\"url\":\"https:\\\/\\\/www.mentel-it.pl\\\/\",\"name\":\"Sebastian Mentel IT\\\/PE Service\",\"description\":\"Us\u0142ugi w zakresie projektowania, budowy i zarz\u0105dzania sieciami \u015bwiat\u0142owodowymi, monitoring, kontrola dost\u0119pu\",\"publisher\":{\"@id\":\"https:\\\/\\\/www.mentel-it.pl\\\/#organization\"},\"potentialAction\":[{\"@type\":\"SearchAction\",\"target\":{\"@type\":\"EntryPoint\",\"urlTemplate\":\"https:\\\/\\\/www.mentel-it.pl\\\/?s={search_term_string}\"},\"query-input\":{\"@type\":\"PropertyValueSpecification\",\"valueRequired\":true,\"valueName\":\"search_term_string\"}}],\"inLanguage\":\"pl-PL\"},{\"@type\":\"Organization\",\"@id\":\"https:\\\/\\\/www.mentel-it.pl\\\/#organization\",\"name\":\"Sebastian Mentel IT\\\/PE Service\",\"url\":\"https:\\\/\\\/www.mentel-it.pl\\\/\",\"logo\":{\"@type\":\"ImageObject\",\"inLanguage\":\"pl-PL\",\"@id\":\"https:\\\/\\\/www.mentel-it.pl\\\/#\\\/schema\\\/logo\\\/image\\\/\",\"url\":\"https:\\\/\\\/www.mentel-it.pl\\\/wp-content\\\/uploads\\\/2022\\\/08\\\/streaming-wideo.jpg\",\"contentUrl\":\"https:\\\/\\\/www.mentel-it.pl\\\/wp-content\\\/uploads\\\/2022\\\/08\\\/streaming-wideo.jpg\",\"width\":1920,\"height\":1080,\"caption\":\"Sebastian Mentel IT\\\/PE Service\"},\"image\":{\"@id\":\"https:\\\/\\\/www.mentel-it.pl\\\/#\\\/schema\\\/logo\\\/image\\\/\"}}]}<\/script>\n<!-- \/ Yoast SEO Premium plugin. -->","yoast_head_json":{"title":"Sieci \u015bwiat\u0142owodowe, budowa i obs\u0142uga - Sebastian Mentel IT\/PE Service","description":"Projektujemy, budujemy i obs\u0142ugujemy sieci \u015bwiat\u0142owodowe. Prowadzimy pomiary reflektometryczne. Projektujemy i wdra\u017camy sieci monitoringu.","robots":{"index":"index","follow":"follow","max-snippet":"max-snippet:-1","max-image-preview":"max-image-preview:large","max-video-preview":"max-video-preview:-1"},"canonical":"https:\/\/www.mentel-it.pl\/","og_locale":"pl_PL","og_type":"article","og_title":"Sieci \u015bwiat\u0142owodowe, budowa i obs\u0142uga","og_description":"Projektujemy, budujemy i obs\u0142ugujemy sieci \u015bwiat\u0142owodowe. Prowadzimy pomiary reflektometryczne. Projektujemy i wdra\u017camy sieci monitoringu.","og_url":"https:\/\/www.mentel-it.pl\/","og_site_name":"Sebastian Mentel IT\/PE Service","article_modified_time":"2022-08-11T23:33:27+00:00","og_image":[{"width":2560,"height":1920,"url":"https:\/\/www.mentel-it.pl\/wp-content\/uploads\/2020\/05\/Optic-fiber-light-network_2560x1920.jpg","type":"image\/jpeg"}],"twitter_card":"summary_large_image","twitter_misc":{"Szacowany czas czytania":"1 minuta"},"schema":{"@context":"https:\/\/schema.org","@graph":[{"@type":"WebPage","@id":"https:\/\/www.mentel-it.pl\/","url":"https:\/\/www.mentel-it.pl\/","name":"Sieci \u015bwiat\u0142owodowe, budowa i obs\u0142uga - Sebastian Mentel IT\/PE Service","isPartOf":{"@id":"https:\/\/www.mentel-it.pl\/#website"},"primaryImageOfPage":{"@id":"https:\/\/www.mentel-it.pl\/#primaryimage"},"image":{"@id":"https:\/\/www.mentel-it.pl\/#primaryimage"},"thumbnailUrl":"https:\/\/www.mentel-it.pl\/wp-content\/uploads\/2020\/05\/Optic-fiber-light-network_2560x1920.jpg","datePublished":"2016-08-22T03:49:45+00:00","dateModified":"2022-08-11T23:33:27+00:00","description":"Projektujemy, budujemy i obs\u0142ugujemy sieci \u015bwiat\u0142owodowe. Prowadzimy pomiary reflektometryczne. Projektujemy i wdra\u017camy sieci monitoringu.","breadcrumb":{"@id":"https:\/\/www.mentel-it.pl\/#breadcrumb"},"inLanguage":"pl-PL","potentialAction":[{"@type":"ReadAction","target":["https:\/\/www.mentel-it.pl\/"]}]},{"@type":"ImageObject","inLanguage":"pl-PL","@id":"https:\/\/www.mentel-it.pl\/#primaryimage","url":"https:\/\/www.mentel-it.pl\/wp-content\/uploads\/2020\/05\/Optic-fiber-light-network_2560x1920.jpg","contentUrl":"https:\/\/www.mentel-it.pl\/wp-content\/uploads\/2020\/05\/Optic-fiber-light-network_2560x1920.jpg","width":2560,"height":1920,"caption":"Sieci \u015bwiat\u0142owodowe"},{"@type":"BreadcrumbList","@id":"https:\/\/www.mentel-it.pl\/#breadcrumb","itemListElement":[{"@type":"ListItem","position":1,"name":"Strona g\u0142\u00f3wna","item":"https:\/\/www.mentel-it.pl\/"},{"@type":"ListItem","position":2,"name":"Sieci \u015bwiat\u0142owodowe, budowa i obs\u0142uga"}]},{"@type":"WebSite","@id":"https:\/\/www.mentel-it.pl\/#website","url":"https:\/\/www.mentel-it.pl\/","name":"Sebastian Mentel IT\/PE Service","description":"Us\u0142ugi w zakresie projektowania, budowy i zarz\u0105dzania sieciami \u015bwiat\u0142owodowymi, monitoring, kontrola dost\u0119pu","publisher":{"@id":"https:\/\/www.mentel-it.pl\/#organization"},"potentialAction":[{"@type":"SearchAction","target":{"@type":"EntryPoint","urlTemplate":"https:\/\/www.mentel-it.pl\/?s={search_term_string}"},"query-input":{"@type":"PropertyValueSpecification","valueRequired":true,"valueName":"search_term_string"}}],"inLanguage":"pl-PL"},{"@type":"Organization","@id":"https:\/\/www.mentel-it.pl\/#organization","name":"Sebastian Mentel IT\/PE Service","url":"https:\/\/www.mentel-it.pl\/","logo":{"@type":"ImageObject","inLanguage":"pl-PL","@id":"https:\/\/www.mentel-it.pl\/#\/schema\/logo\/image\/","url":"https:\/\/www.mentel-it.pl\/wp-content\/uploads\/2022\/08\/streaming-wideo.jpg","contentUrl":"https:\/\/www.mentel-it.pl\/wp-content\/uploads\/2022\/08\/streaming-wideo.jpg","width":1920,"height":1080,"caption":"Sebastian Mentel IT\/PE Service"},"image":{"@id":"https:\/\/www.mentel-it.pl\/#\/schema\/logo\/image\/"}}]}},"_links":{"self":[{"href":"https:\/\/www.mentel-it.pl\/index.php\/wp-json\/wp\/v2\/pages\/5448","targetHints":{"allow":["GET"]}}],"collection":[{"href":"https:\/\/www.mentel-it.pl\/index.php\/wp-json\/wp\/v2\/pages"}],"about":[{"href":"https:\/\/www.mentel-it.pl\/index.php\/wp-json\/wp\/v2\/types\/page"}],"author":[{"embeddable":true,"href":"https:\/\/www.mentel-it.pl\/index.php\/wp-json\/wp\/v2\/users\/1"}],"replies":[{"embeddable":true,"href":"https:\/\/www.mentel-it.pl\/index.php\/wp-json\/wp\/v2\/comments?post=5448"}],"version-history":[{"count":20,"href":"https:\/\/www.mentel-it.pl\/index.php\/wp-json\/wp\/v2\/pages\/5448\/revisions"}],"predecessor-version":[{"id":8312,"href":"https:\/\/www.mentel-it.pl\/index.php\/wp-json\/wp\/v2\/pages\/5448\/revisions\/8312"}],"wp:featuredmedia":[{"embeddable":true,"href":"https:\/\/www.mentel-it.pl\/index.php\/wp-json\/wp\/v2\/media\/8251"}],"wp:attachment":[{"href":"https:\/\/www.mentel-it.pl\/index.php\/wp-json\/wp\/v2\/media?parent=5448"}],"curies":[{"name":"wp","href":"https:\/\/api.w.org\/{rel}","templated":true}]}}