{"id":8292,"date":"2020-05-09T20:14:28","date_gmt":"2020-05-09T18:14:28","guid":{"rendered":"http:\/\/www.mentel-it.pl\/?page_id=8292"},"modified":"2025-12-25T21:09:25","modified_gmt":"2025-12-25T20:09:25","slug":"streaming-wideo","status":"publish","type":"page","link":"https:\/\/www.mentel-it.pl\/index.php\/streaming-wideo\/","title":{"rendered":"STREAMING WIDEO"},"content":{"rendered":"<div class=\"wpb-content-wrapper\"><p>[vc_row][vc_column][vc_text_separator title=&#8221;STREAMING TRE\u015aCI WIDEO&#8221;][\/vc_column][\/vc_row][vc_row][vc_column width=&#8221;1\/2&#8243;][vc_column_text]<\/p>\n<p style=\"text-align: justify;\">Nasza firma oferuje us\u0142ugi streamingu wideo. W oparciu o nowoczesne technologie, jeste\u015bmy w stanie transmitowa\u0107 Pa\u0144stwa materia\u0142 z niemal\u017ce dowolnego miejsca. Wykonujemy zar\u00f3wno projekty instalacji kamer i przy\u0142\u0105cz, jak r\u00f3wnie\u017c budujemy niezb\u0119dn\u0105 infrastruktur\u0119, tak aby Pa\u0144stwo i Pa\u0144stwa odbiorcy mogli si\u0119 cieszy\u0107 doskona\u0142\u0105 jako\u015bci obrazu i d\u017awi\u0119ku. Je\u015bli s\u0105 Pa\u0144stwo zainteresowani zapraszamy do <a href=\"http:\/\/www.mentel-it.pl\/index.php\/contact-us\/\">kontaktu z nami<\/a>.<\/p>\n<p>[\/vc_column_text][\/vc_column][vc_column width=&#8221;1\/2&#8243;][vc_single_image image=&#8221;8490&#8243; img_size=&#8221;medium&#8221; alignment=&#8221;center&#8221;][\/vc_column][\/vc_row][vc_row][vc_column][vc_tta_tabs][vc_tta_section title=&#8221;WIDOKI&#8221; tab_id=&#8221;1589048173303-5cc0a38f-97fd&#8221;][vc_row_inner][vc_column_inner width=&#8221;1\/2&#8243;][vc_column_text]<div id=\"wpfp_82d6a79ad27c183f16a66c391adfb729\" data-item=\"{&quot;sources&quot;:[{&quot;src&quot;:&quot;https:\\\/\\\/stream2.mentel-it.pl\\\/memfs\\\/ff478586-3a29-4c86-996f-a27e796f9545.m3u8&quot;,&quot;type&quot;:&quot;application\\\/x-mpegurl&quot;}],&quot;live&quot;:&quot;true&quot;,&quot;id&quot;:&quot;3&quot;,&quot;splash&quot;:&quot;http:\\\/\\\/www.mentel-it.pl\\\/wp-content\\\/uploads\\\/2020\\\/05\\\/splash1080.jpg&quot;}\" class=\"flowplayer no-brand is-splash is-paused skin-slim no-svg fp-slim fp-edgy\" data-fv-embed=\"https:\/\/www.mentel-it.pl\/index.php\/streaming-wideo\/fvp-3\/\" style=\"position:relative; max-width: 640px; max-height: 320px; \" data-ratio=\"0.5\" data-advance=\"false\">\n\t<div class=\"fp-ratio\" style=\"padding-top: 50%\"><\/div>\n\t<img decoding=\"async\" class=\"fp-splash\" alt=\"video\" src=\"http:\/\/www.mentel-it.pl\/wp-content\/uploads\/2020\/05\/splash1080.jpg\" style=\"position:absolute;top:0;width:100%\" \/>\n\t<div class=\"fp-ui\"><noscript>Please enable JavaScript<\/noscript><div class=\"fp-play fp-visible\"><svg class=\"fp-play-sharp-fill\" xmlns=\"http:\/\/www.w3.org\/2000\/svg\" viewBox=\"0 0 100 100\"><defs><style>.fp-color-play{opacity:0.65;}.controlbutton{fill:#fff;}<\/style><\/defs><title>play-sharp-fill<\/title><path class=\"fp-color-play\" d=\"M49.9217-.078a50,50,0,1,0,50,50A50.0564,50.0564,0,0,0,49.9217-.078Z\"\/><polygon class=\"controlbutton\" points=\"73.601 50 37.968 70.573 37.968 29.427 73.601 50\" filter=\"url(#f1)\"\/><\/svg><\/div><div class=\"fp-preload\"><b><\/b><b><\/b><b><\/b><b><\/b><\/div><\/div>\n<div class='fvp-share-bar'><ul class=\"fvp-sharing\">\r\n    <li><a class=\"sharing-facebook\" href=\"https:\/\/www.facebook.com\/sharer\/sharer.php?u=https%3A%2F%2Fwww.mentel-it.pl%2Findex.php%2Fstreaming-wideo%2F\" target=\"_blank\"><\/a><\/li>\r\n    <li><a class=\"sharing-twitter\" href=\"https:\/\/twitter.com\/intent\/tweet?text=Sebastian+Mentel+IT%2FPE+Service+&url=https%3A%2F%2Fwww.mentel-it.pl%2Findex.php%2Fstreaming-wideo%2F\" target=\"_blank\"><\/a><\/li>\r\n    <li><a class=\"sharing-email\" href=\"mailto:?body=Check%20out%20the%20amazing%20video%20here%3A%20https%3A%2F%2Fwww.mentel-it.pl%2Findex.php%2Fstreaming-wideo%2F\" target=\"_blank\"><\/a><\/li><\/ul><div><label><a class=\"embed-code-toggle\" href=\"#\"><strong>Embed<\/strong><\/a><\/label><\/div><div class=\"embed-code\"><label>Copy and paste this HTML code into your webpage to embed.<\/label><textarea><\/textarea><\/div><\/div>\n<\/div>\n[\/vc_column_text][\/vc_column_inner][\/vc_row_inner][\/vc_tta_section][\/vc_tta_tabs][\/vc_column][\/vc_row]<\/p>\n<\/div>","protected":false},"excerpt":{"rendered":"<p>[vc_row][vc_column][vc_text_separator title=&#8221;STREAMING TRE\u015aCI WIDEO&#8221;][\/vc_column][\/vc_row][vc_row][vc_column width=&#8221;1\/2&#8243;][vc_column_text] Nasza firma oferuje us\u0142ugi streamingu wideo. W oparciu o nowoczesne technologie, jeste\u015bmy w stanie transmitowa\u0107 Pa\u0144stwa materia\u0142 z niemal\u017ce dowolnego miejsca. Wykonujemy zar\u00f3wno projekty instalacji kamer i przy\u0142\u0105cz, jak r\u00f3wnie\u017c budujemy niezb\u0119dn\u0105 infrastruktur\u0119, tak aby Pa\u0144stwo i Pa\u0144stwa odbiorcy mogli si\u0119 cieszy\u0107 doskona\u0142\u0105 jako\u015bci obrazu i d\u017awi\u0119ku. Je\u015bli s\u0105 Pa\u0144stwo [&hellip;]<\/p>\n","protected":false},"author":1,"featured_media":8481,"parent":0,"menu_order":0,"comment_status":"closed","ping_status":"closed","template":"","meta":{"footnotes":""},"class_list":["post-8292","page","type-page","status-publish","has-post-thumbnail","hentry"],"yoast_head":"<!-- This site is optimized with the Yoast SEO Premium plugin v18.9 (Yoast SEO v27.4) - https:\/\/yoast.com\/product\/yoast-seo-premium-wordpress\/ -->\n<title>STREAMING WIDEO - Sebastian Mentel IT\/PE Service<\/title>\n<meta name=\"robots\" content=\"index, follow, max-snippet:-1, max-image-preview:large, max-video-preview:-1\" \/>\n<link rel=\"canonical\" href=\"https:\/\/www.mentel-it.pl\/index.php\/streaming-wideo\/\" \/>\n<meta property=\"og:locale\" content=\"pl_PL\" \/>\n<meta property=\"og:type\" content=\"article\" \/>\n<meta property=\"og:title\" content=\"STREAMING WIDEO\" \/>\n<meta property=\"og:description\" content=\"[vc_row][vc_column][vc_text_separator title=&#8221;STREAMING TRE\u015aCI WIDEO&#8221;][\/vc_column][\/vc_row][vc_row][vc_column width=&#8221;1\/2&#8243;][vc_column_text] Nasza firma oferuje us\u0142ugi streamingu wideo. W oparciu o nowoczesne technologie, jeste\u015bmy w stanie transmitowa\u0107 Pa\u0144stwa materia\u0142 z niemal\u017ce dowolnego miejsca. Wykonujemy zar\u00f3wno projekty instalacji kamer i przy\u0142\u0105cz, jak r\u00f3wnie\u017c budujemy niezb\u0119dn\u0105 infrastruktur\u0119, tak aby Pa\u0144stwo i Pa\u0144stwa odbiorcy mogli si\u0119 cieszy\u0107 doskona\u0142\u0105 jako\u015bci obrazu i d\u017awi\u0119ku. Je\u015bli s\u0105 Pa\u0144stwo [&hellip;]\" \/>\n<meta property=\"og:url\" content=\"https:\/\/www.mentel-it.pl\/index.php\/streaming-wideo\/\" \/>\n<meta property=\"og:site_name\" content=\"Sebastian Mentel IT\/PE Service\" \/>\n<meta property=\"article:modified_time\" content=\"2025-12-25T20:09:25+00:00\" \/>\n<meta property=\"og:image\" content=\"https:\/\/www.mentel-it.pl\/wp-content\/uploads\/2022\/08\/streaming-wideo.jpg\" \/>\n\t<meta property=\"og:image:width\" content=\"1920\" \/>\n\t<meta property=\"og:image:height\" content=\"1080\" \/>\n\t<meta property=\"og:image:type\" content=\"image\/jpeg\" \/>\n<meta name=\"twitter:card\" content=\"summary_large_image\" \/>\n<meta name=\"twitter:label1\" content=\"Szacowany czas czytania\" \/>\n\t<meta name=\"twitter:data1\" content=\"1 minuta\" \/>\n<script type=\"application\/ld+json\" class=\"yoast-schema-graph\">{\"@context\":\"https:\\\/\\\/schema.org\",\"@graph\":[{\"@type\":\"WebPage\",\"@id\":\"https:\\\/\\\/www.mentel-it.pl\\\/index.php\\\/streaming-wideo\\\/\",\"url\":\"https:\\\/\\\/www.mentel-it.pl\\\/index.php\\\/streaming-wideo\\\/\",\"name\":\"STREAMING WIDEO - Sebastian Mentel IT\\\/PE Service\",\"isPartOf\":{\"@id\":\"https:\\\/\\\/www.mentel-it.pl\\\/#website\"},\"primaryImageOfPage\":{\"@id\":\"https:\\\/\\\/www.mentel-it.pl\\\/index.php\\\/streaming-wideo\\\/#primaryimage\"},\"image\":{\"@id\":\"https:\\\/\\\/www.mentel-it.pl\\\/index.php\\\/streaming-wideo\\\/#primaryimage\"},\"thumbnailUrl\":\"https:\\\/\\\/www.mentel-it.pl\\\/wp-content\\\/uploads\\\/2022\\\/08\\\/streaming-wideo.jpg\",\"datePublished\":\"2020-05-09T18:14:28+00:00\",\"dateModified\":\"2025-12-25T20:09:25+00:00\",\"breadcrumb\":{\"@id\":\"https:\\\/\\\/www.mentel-it.pl\\\/index.php\\\/streaming-wideo\\\/#breadcrumb\"},\"inLanguage\":\"pl-PL\",\"potentialAction\":[{\"@type\":\"ReadAction\",\"target\":[\"https:\\\/\\\/www.mentel-it.pl\\\/index.php\\\/streaming-wideo\\\/\"]}]},{\"@type\":\"ImageObject\",\"inLanguage\":\"pl-PL\",\"@id\":\"https:\\\/\\\/www.mentel-it.pl\\\/index.php\\\/streaming-wideo\\\/#primaryimage\",\"url\":\"https:\\\/\\\/www.mentel-it.pl\\\/wp-content\\\/uploads\\\/2022\\\/08\\\/streaming-wideo.jpg\",\"contentUrl\":\"https:\\\/\\\/www.mentel-it.pl\\\/wp-content\\\/uploads\\\/2022\\\/08\\\/streaming-wideo.jpg\",\"width\":1920,\"height\":1080},{\"@type\":\"BreadcrumbList\",\"@id\":\"https:\\\/\\\/www.mentel-it.pl\\\/index.php\\\/streaming-wideo\\\/#breadcrumb\",\"itemListElement\":[{\"@type\":\"ListItem\",\"position\":1,\"name\":\"Strona g\u0142\u00f3wna\",\"item\":\"https:\\\/\\\/www.mentel-it.pl\\\/\"},{\"@type\":\"ListItem\",\"position\":2,\"name\":\"STREAMING WIDEO\"}]},{\"@type\":\"WebSite\",\"@id\":\"https:\\\/\\\/www.mentel-it.pl\\\/#website\",\"url\":\"https:\\\/\\\/www.mentel-it.pl\\\/\",\"name\":\"Sebastian Mentel IT\\\/PE Service\",\"description\":\"Us\u0142ugi w zakresie projektowania, budowy i zarz\u0105dzania sieciami \u015bwiat\u0142owodowymi, monitoring, kontrola dost\u0119pu\",\"publisher\":{\"@id\":\"https:\\\/\\\/www.mentel-it.pl\\\/#organization\"},\"potentialAction\":[{\"@type\":\"SearchAction\",\"target\":{\"@type\":\"EntryPoint\",\"urlTemplate\":\"https:\\\/\\\/www.mentel-it.pl\\\/?s={search_term_string}\"},\"query-input\":{\"@type\":\"PropertyValueSpecification\",\"valueRequired\":true,\"valueName\":\"search_term_string\"}}],\"inLanguage\":\"pl-PL\"},{\"@type\":\"Organization\",\"@id\":\"https:\\\/\\\/www.mentel-it.pl\\\/#organization\",\"name\":\"Sebastian Mentel IT\\\/PE Service\",\"url\":\"https:\\\/\\\/www.mentel-it.pl\\\/\",\"logo\":{\"@type\":\"ImageObject\",\"inLanguage\":\"pl-PL\",\"@id\":\"https:\\\/\\\/www.mentel-it.pl\\\/#\\\/schema\\\/logo\\\/image\\\/\",\"url\":\"https:\\\/\\\/www.mentel-it.pl\\\/wp-content\\\/uploads\\\/2022\\\/08\\\/streaming-wideo.jpg\",\"contentUrl\":\"https:\\\/\\\/www.mentel-it.pl\\\/wp-content\\\/uploads\\\/2022\\\/08\\\/streaming-wideo.jpg\",\"width\":1920,\"height\":1080,\"caption\":\"Sebastian Mentel IT\\\/PE Service\"},\"image\":{\"@id\":\"https:\\\/\\\/www.mentel-it.pl\\\/#\\\/schema\\\/logo\\\/image\\\/\"}}]}<\/script>\n<!-- \/ Yoast SEO Premium plugin. -->","yoast_head_json":{"title":"STREAMING WIDEO - Sebastian Mentel IT\/PE Service","robots":{"index":"index","follow":"follow","max-snippet":"max-snippet:-1","max-image-preview":"max-image-preview:large","max-video-preview":"max-video-preview:-1"},"canonical":"https:\/\/www.mentel-it.pl\/index.php\/streaming-wideo\/","og_locale":"pl_PL","og_type":"article","og_title":"STREAMING WIDEO","og_description":"[vc_row][vc_column][vc_text_separator title=&#8221;STREAMING TRE\u015aCI WIDEO&#8221;][\/vc_column][\/vc_row][vc_row][vc_column width=&#8221;1\/2&#8243;][vc_column_text] Nasza firma oferuje us\u0142ugi streamingu wideo. W oparciu o nowoczesne technologie, jeste\u015bmy w stanie transmitowa\u0107 Pa\u0144stwa materia\u0142 z niemal\u017ce dowolnego miejsca. Wykonujemy zar\u00f3wno projekty instalacji kamer i przy\u0142\u0105cz, jak r\u00f3wnie\u017c budujemy niezb\u0119dn\u0105 infrastruktur\u0119, tak aby Pa\u0144stwo i Pa\u0144stwa odbiorcy mogli si\u0119 cieszy\u0107 doskona\u0142\u0105 jako\u015bci obrazu i d\u017awi\u0119ku. Je\u015bli s\u0105 Pa\u0144stwo [&hellip;]","og_url":"https:\/\/www.mentel-it.pl\/index.php\/streaming-wideo\/","og_site_name":"Sebastian Mentel IT\/PE Service","article_modified_time":"2025-12-25T20:09:25+00:00","og_image":[{"width":1920,"height":1080,"url":"https:\/\/www.mentel-it.pl\/wp-content\/uploads\/2022\/08\/streaming-wideo.jpg","type":"image\/jpeg"}],"twitter_card":"summary_large_image","twitter_misc":{"Szacowany czas czytania":"1 minuta"},"schema":{"@context":"https:\/\/schema.org","@graph":[{"@type":"WebPage","@id":"https:\/\/www.mentel-it.pl\/index.php\/streaming-wideo\/","url":"https:\/\/www.mentel-it.pl\/index.php\/streaming-wideo\/","name":"STREAMING WIDEO - Sebastian Mentel IT\/PE Service","isPartOf":{"@id":"https:\/\/www.mentel-it.pl\/#website"},"primaryImageOfPage":{"@id":"https:\/\/www.mentel-it.pl\/index.php\/streaming-wideo\/#primaryimage"},"image":{"@id":"https:\/\/www.mentel-it.pl\/index.php\/streaming-wideo\/#primaryimage"},"thumbnailUrl":"https:\/\/www.mentel-it.pl\/wp-content\/uploads\/2022\/08\/streaming-wideo.jpg","datePublished":"2020-05-09T18:14:28+00:00","dateModified":"2025-12-25T20:09:25+00:00","breadcrumb":{"@id":"https:\/\/www.mentel-it.pl\/index.php\/streaming-wideo\/#breadcrumb"},"inLanguage":"pl-PL","potentialAction":[{"@type":"ReadAction","target":["https:\/\/www.mentel-it.pl\/index.php\/streaming-wideo\/"]}]},{"@type":"ImageObject","inLanguage":"pl-PL","@id":"https:\/\/www.mentel-it.pl\/index.php\/streaming-wideo\/#primaryimage","url":"https:\/\/www.mentel-it.pl\/wp-content\/uploads\/2022\/08\/streaming-wideo.jpg","contentUrl":"https:\/\/www.mentel-it.pl\/wp-content\/uploads\/2022\/08\/streaming-wideo.jpg","width":1920,"height":1080},{"@type":"BreadcrumbList","@id":"https:\/\/www.mentel-it.pl\/index.php\/streaming-wideo\/#breadcrumb","itemListElement":[{"@type":"ListItem","position":1,"name":"Strona g\u0142\u00f3wna","item":"https:\/\/www.mentel-it.pl\/"},{"@type":"ListItem","position":2,"name":"STREAMING WIDEO"}]},{"@type":"WebSite","@id":"https:\/\/www.mentel-it.pl\/#website","url":"https:\/\/www.mentel-it.pl\/","name":"Sebastian Mentel IT\/PE Service","description":"Us\u0142ugi w zakresie projektowania, budowy i zarz\u0105dzania sieciami \u015bwiat\u0142owodowymi, monitoring, kontrola dost\u0119pu","publisher":{"@id":"https:\/\/www.mentel-it.pl\/#organization"},"potentialAction":[{"@type":"SearchAction","target":{"@type":"EntryPoint","urlTemplate":"https:\/\/www.mentel-it.pl\/?s={search_term_string}"},"query-input":{"@type":"PropertyValueSpecification","valueRequired":true,"valueName":"search_term_string"}}],"inLanguage":"pl-PL"},{"@type":"Organization","@id":"https:\/\/www.mentel-it.pl\/#organization","name":"Sebastian Mentel IT\/PE Service","url":"https:\/\/www.mentel-it.pl\/","logo":{"@type":"ImageObject","inLanguage":"pl-PL","@id":"https:\/\/www.mentel-it.pl\/#\/schema\/logo\/image\/","url":"https:\/\/www.mentel-it.pl\/wp-content\/uploads\/2022\/08\/streaming-wideo.jpg","contentUrl":"https:\/\/www.mentel-it.pl\/wp-content\/uploads\/2022\/08\/streaming-wideo.jpg","width":1920,"height":1080,"caption":"Sebastian Mentel IT\/PE Service"},"image":{"@id":"https:\/\/www.mentel-it.pl\/#\/schema\/logo\/image\/"}}]}},"_links":{"self":[{"href":"https:\/\/www.mentel-it.pl\/index.php\/wp-json\/wp\/v2\/pages\/8292","targetHints":{"allow":["GET"]}}],"collection":[{"href":"https:\/\/www.mentel-it.pl\/index.php\/wp-json\/wp\/v2\/pages"}],"about":[{"href":"https:\/\/www.mentel-it.pl\/index.php\/wp-json\/wp\/v2\/types\/page"}],"author":[{"embeddable":true,"href":"https:\/\/www.mentel-it.pl\/index.php\/wp-json\/wp\/v2\/users\/1"}],"replies":[{"embeddable":true,"href":"https:\/\/www.mentel-it.pl\/index.php\/wp-json\/wp\/v2\/comments?post=8292"}],"version-history":[{"count":29,"href":"https:\/\/www.mentel-it.pl\/index.php\/wp-json\/wp\/v2\/pages\/8292\/revisions"}],"predecessor-version":[{"id":8527,"href":"https:\/\/www.mentel-it.pl\/index.php\/wp-json\/wp\/v2\/pages\/8292\/revisions\/8527"}],"wp:featuredmedia":[{"embeddable":true,"href":"https:\/\/www.mentel-it.pl\/index.php\/wp-json\/wp\/v2\/media\/8481"}],"wp:attachment":[{"href":"https:\/\/www.mentel-it.pl\/index.php\/wp-json\/wp\/v2\/media?parent=8292"}],"curies":[{"name":"wp","href":"https:\/\/api.w.org\/{rel}","templated":true}]}}