{"id":8348,"date":"2020-05-14T15:33:10","date_gmt":"2020-05-14T13:33:10","guid":{"rendered":"https:\/\/www.mentel-it.pl\/?page_id=8348"},"modified":"2020-05-14T15:33:10","modified_gmt":"2020-05-14T13:33:10","slug":"referencje","status":"publish","type":"page","link":"https:\/\/www.mentel-it.pl\/index.php\/referencje\/","title":{"rendered":"Referencje"},"content":{"rendered":"<div class=\"wpb-content-wrapper\"><p>[vc_row][vc_column][vc_column_text]<\/p>\n<p style=\"text-align: center;\">Prezentujemy Pa\u0144stwu referencje od firm i instytucji publicznych, z kt\u00f3rymi mieli\u015bmy przyjemno\u015b\u0107 wsp\u00f3\u0142pracowa\u0107.<\/p>\n<p style=\"text-align: center;\">Zapraszamy do zapoznania si\u0119 z nimi i nawi\u0105zania wsp\u00f3\u0142pracy.<\/p>\n<p>[\/vc_column_text][\/vc_column][\/vc_row][vc_row][vc_column width=&#8221;1\/2&#8243;]\t\t<div class=\"ts-testimonial-wrapper text-default show-navi  ts-slider loading\" \n\t\t\tdata-nav=\"1\" data-dots=\"0\" data-autoplay=\"1\">\n\t\t\t\t\t<div class=\"item has-image\">\n\t\t\t\t<div class=\"testimonial-content\">\n\t\t\t\t\t\t\t\t\t\t<div class=\"image\">\n\t\t\t\t\t\t<img loading=\"lazy\" decoding=\"async\" width=\"100\" height=\"80\" src=\"https:\/\/www.mentel-it.pl\/wp-content\/uploads\/2020\/05\/LOGO_MULTI_NET.jpg\" class=\"attachment-100x100 size-100x100 wp-post-image\" alt=\"\" \/>\t\t\t\t\t<\/div>\n\t\t\t\t\t\t\t\t\t\t\n\t\t\t\t\t\t\t\t\t\t\n\t\t\t\t\t<div class=\"content\">\n\t\t\t\t\t\tFirma Sebastian Mentel IT\/PE Service jest g\u0142\u00f3wnym podwykonawc\u0105 technicznym dla Multi-NET Infrastruktura Sp. z o.o. , a tak\u017ce solidnym i godnym polecenia partnerem biznesowym.\t\t\t\t\t<\/div>\n\t\t\t\t\t\n\t\t\t\t\t<h4 class=\"name\">\n\t\t\t\t\t\t<a href=\"http:\/\/www.multi-net.eu\" target=\"_blank\">\n\t\t\t\t\t\t\tMaria Zawada\t\t\t\t\t\t<\/a>\n\t\t\t\t\t<\/h4>\n\t\t\t\t\t\n\t\t\t\t\t\t\t\t\t\t<div class=\"byline\">\n\t\t\t\t\t\tPrezes Zarz\u0105du - Multi-Net Infrastruktura Sp\u00f3\u0142ka z o.o.\t\t\t\t\t<\/div>\n\t\t\t\t\t\t\t\t\t\t\n\t\t\t\t<\/div>\n\t\t\t<\/div>\n\t\t\t\t\t\t<div class=\"item has-image\">\n\t\t\t\t<div class=\"testimonial-content\">\n\t\t\t\t\t\t\t\t\t\t<div class=\"image\">\n\t\t\t\t\t\t<img loading=\"lazy\" decoding=\"async\" width=\"100\" height=\"100\" src=\"https:\/\/www.mentel-it.pl\/wp-content\/uploads\/2020\/05\/1024px-POL_gmina_\u0141\u0119kawica_COA.svg_.png\" class=\"attachment-100x100 size-100x100 wp-post-image\" alt=\"\" \/>\t\t\t\t\t<\/div>\n\t\t\t\t\t\t\t\t\t\t\n\t\t\t\t\t\t\t\t\t\t\n\t\t\t\t\t<div class=\"content\">\n\t\t\t\t\t\tWysoko oceniamy prac\u0119 wykonywan\u0105 przez firm\u0119 Mentel IT Service Sebastian Mentel i rekomendujemy go jako rzetelnego partnera.\t\t\t\t\t<\/div>\n\t\t\t\t\t\n\t\t\t\t\t<h4 class=\"name\">\n\t\t\t\t\t\t<a href=\"http:\/\/www.lekawica.com.pl\/\" target=\"_blank\">\n\t\t\t\t\t\t\tTadeusz Tomiczek\t\t\t\t\t\t<\/a>\n\t\t\t\t\t<\/h4>\n\t\t\t\t\t\n\t\t\t\t\t\t\t\t\t\t<div class=\"byline\">\n\t\t\t\t\t\tW\u00f3jt Gminy \u0141\u0119kawica\t\t\t\t\t<\/div>\n\t\t\t\t\t\t\t\t\t\t\n\t\t\t\t<\/div>\n\t\t\t<\/div>\n\t\t\t\t\t\t<div class=\"item has-image\">\n\t\t\t\t<div class=\"testimonial-content\">\n\t\t\t\t\t\t\t\t\t\t<div class=\"image\">\n\t\t\t\t\t\t<img loading=\"lazy\" decoding=\"async\" width=\"100\" height=\"91\" src=\"https:\/\/www.mentel-it.pl\/wp-content\/uploads\/2020\/05\/Mentel-FAV-1.jpg\" class=\"attachment-100x100 size-100x100 wp-post-image\" alt=\"\" \/>\t\t\t\t\t<\/div>\n\t\t\t\t\t\t\t\t\t\t\n\t\t\t\t\t\t\t\t\t\t\n\t\t\t\t\t<div class=\"content\">\n\t\t\t\t\t\tPrzedsi\u0119biorstwo mo\u017ce pochwali\u0107 si\u0119 szerokim zakresem wiedzy o swojej dzia\u0142alno\u015bci. \u015amia\u0142o mo\u017cna stwierdzi\u0107, \u017ce pracownicy firmy s\u0105 specjalistami w swojej bran\u017cy.\t\t\t\t\t<\/div>\n\t\t\t\t\t\n\t\t\t\t\t<h4 class=\"name\">\n\t\t\t\t\t\t<a href=\"https:\/\/www.polszlif.pl\/\" target=\"_blank\">\n\t\t\t\t\t\t\tRafa\u0142 Budny\t\t\t\t\t\t<\/a>\n\t\t\t\t\t<\/h4>\n\t\t\t\t\t\n\t\t\t\t\t\t\t\t\t\t<div class=\"byline\">\n\t\t\t\t\t\tWsp\u00f3\u0142w\u0142a\u015bciciel - Polszlif\t\t\t\t\t<\/div>\n\t\t\t\t\t\t\t\t\t\t\n\t\t\t\t<\/div>\n\t\t\t<\/div>\n\t\t\t\t\t\t<div class=\"item has-image\">\n\t\t\t\t<div class=\"testimonial-content\">\n\t\t\t\t\t\t\t\t\t\t<div class=\"image\">\n\t\t\t\t\t\t<img loading=\"lazy\" decoding=\"async\" width=\"100\" height=\"30\" src=\"https:\/\/www.mentel-it.pl\/wp-content\/uploads\/2015\/01\/logo_freephone.png\" class=\"attachment-100x100 size-100x100 wp-post-image\" alt=\"\" \/>\t\t\t\t\t<\/div>\n\t\t\t\t\t\t\t\t\t\t\n\t\t\t\t\t\t\t\t\t\t\n\t\t\t\t\t<div class=\"content\">\n\t\t\t\t\t\tJako\u015b\u0107 wykonywanych prac wdro\u017ceniowych, dotrzymywanie termin\u00f3w realizacji oraz fachowo\u015b\u0107 kadry firmy Mentel IT pozwalaj\u0105 nam rekomendowa\u0107 j\u0105 jako solidnego dostawc\u0119 rozwi\u0105za\u0144 telefonii IP.\t\t\t\t\t<\/div>\n\t\t\t\t\t\n\t\t\t\t\t<h4 class=\"name\">\n\t\t\t\t\t\t<a href=\"https:\/\/freephone.pl\/\" target=\"_blank\">\n\t\t\t\t\t\t\tArtur Grzesiowski\t\t\t\t\t\t<\/a>\n\t\t\t\t\t<\/h4>\n\t\t\t\t\t\n\t\t\t\t\t\t\t\t\t\t<div class=\"byline\">\n\t\t\t\t\t\tPrezes zarz\u0105du - Freephone.pl\t\t\t\t\t<\/div>\n\t\t\t\t\t\t\t\t\t\t\n\t\t\t\t<\/div>\n\t\t\t<\/div>\n\t\t\t\t\t<\/div>\n\t\t[\/vc_column][vc_column width=&#8221;1\/2&#8243;][vc_gallery type=&#8221;flexslider_slide&#8221; interval=&#8221;10&#8243; images=&#8221;8349,8350,8351&#8243; img_size=&#8221;large&#8221; css_animation=&#8221;fadeIn&#8221;][\/vc_column][\/vc_row]<\/p>\n<\/div>","protected":false},"excerpt":{"rendered":"<p>[vc_row][vc_column][vc_column_text] Prezentujemy Pa\u0144stwu referencje od firm i instytucji publicznych, z kt\u00f3rymi mieli\u015bmy przyjemno\u015b\u0107 wsp\u00f3\u0142pracowa\u0107. Zapraszamy do zapoznania si\u0119 z nimi i nawi\u0105zania wsp\u00f3\u0142pracy. [\/vc_column_text][\/vc_column][\/vc_row][vc_row][vc_column width=&#8221;1\/2&#8243;][\/vc_column][vc_column width=&#8221;1\/2&#8243;][vc_gallery type=&#8221;flexslider_slide&#8221; interval=&#8221;10&#8243; images=&#8221;8349,8350,8351&#8243; img_size=&#8221;large&#8221; css_animation=&#8221;fadeIn&#8221;][\/vc_column][\/vc_row]<\/p>\n","protected":false},"author":1,"featured_media":0,"parent":0,"menu_order":0,"comment_status":"closed","ping_status":"closed","template":"","meta":{"footnotes":""},"class_list":["post-8348","page","type-page","status-publish","hentry"],"yoast_head":"<!-- This site is optimized with the Yoast SEO Premium plugin v18.9 (Yoast SEO v27.6) - https:\/\/yoast.com\/product\/yoast-seo-premium-wordpress\/ -->\n<title>Referencje - Sebastian Mentel IT\/PE Service<\/title>\n<meta name=\"robots\" content=\"index, follow, max-snippet:-1, max-image-preview:large, max-video-preview:-1\" \/>\n<link rel=\"canonical\" href=\"https:\/\/www.mentel-it.pl\/index.php\/referencje\/\" \/>\n<meta property=\"og:locale\" content=\"pl_PL\" \/>\n<meta property=\"og:type\" content=\"article\" \/>\n<meta property=\"og:title\" content=\"Referencje\" \/>\n<meta property=\"og:description\" content=\"[vc_row][vc_column][vc_column_text] Prezentujemy Pa\u0144stwu referencje od firm i instytucji publicznych, z kt\u00f3rymi mieli\u015bmy przyjemno\u015b\u0107 wsp\u00f3\u0142pracowa\u0107. Zapraszamy do zapoznania si\u0119 z nimi i nawi\u0105zania wsp\u00f3\u0142pracy. [\/vc_column_text][\/vc_column][\/vc_row][vc_row][vc_column width=&#8221;1\/2&#8243;][\/vc_column][vc_column width=&#8221;1\/2&#8243;][vc_gallery type=&#8221;flexslider_slide&#8221; interval=&#8221;10&#8243; images=&#8221;8349,8350,8351&#8243; img_size=&#8221;large&#8221; css_animation=&#8221;fadeIn&#8221;][\/vc_column][\/vc_row]\" \/>\n<meta property=\"og:url\" content=\"https:\/\/www.mentel-it.pl\/index.php\/referencje\/\" \/>\n<meta property=\"og:site_name\" content=\"Sebastian Mentel IT\/PE Service\" \/>\n<meta name=\"twitter:card\" content=\"summary_large_image\" \/>\n<script type=\"application\/ld+json\" class=\"yoast-schema-graph\">{\"@context\":\"https:\\\/\\\/schema.org\",\"@graph\":[{\"@type\":\"WebPage\",\"@id\":\"https:\\\/\\\/www.mentel-it.pl\\\/index.php\\\/referencje\\\/\",\"url\":\"https:\\\/\\\/www.mentel-it.pl\\\/index.php\\\/referencje\\\/\",\"name\":\"Referencje - Sebastian Mentel IT\\\/PE Service\",\"isPartOf\":{\"@id\":\"https:\\\/\\\/www.mentel-it.pl\\\/#website\"},\"datePublished\":\"2020-05-14T13:33:10+00:00\",\"breadcrumb\":{\"@id\":\"https:\\\/\\\/www.mentel-it.pl\\\/index.php\\\/referencje\\\/#breadcrumb\"},\"inLanguage\":\"pl-PL\",\"potentialAction\":[{\"@type\":\"ReadAction\",\"target\":[\"https:\\\/\\\/www.mentel-it.pl\\\/index.php\\\/referencje\\\/\"]}]},{\"@type\":\"BreadcrumbList\",\"@id\":\"https:\\\/\\\/www.mentel-it.pl\\\/index.php\\\/referencje\\\/#breadcrumb\",\"itemListElement\":[{\"@type\":\"ListItem\",\"position\":1,\"name\":\"Strona g\u0142\u00f3wna\",\"item\":\"https:\\\/\\\/www.mentel-it.pl\\\/\"},{\"@type\":\"ListItem\",\"position\":2,\"name\":\"Referencje\"}]},{\"@type\":\"WebSite\",\"@id\":\"https:\\\/\\\/www.mentel-it.pl\\\/#website\",\"url\":\"https:\\\/\\\/www.mentel-it.pl\\\/\",\"name\":\"Sebastian Mentel IT\\\/PE Service\",\"description\":\"Us\u0142ugi w zakresie projektowania, budowy i zarz\u0105dzania sieciami \u015bwiat\u0142owodowymi, monitoring, kontrola dost\u0119pu\",\"publisher\":{\"@id\":\"https:\\\/\\\/www.mentel-it.pl\\\/#organization\"},\"potentialAction\":[{\"@type\":\"SearchAction\",\"target\":{\"@type\":\"EntryPoint\",\"urlTemplate\":\"https:\\\/\\\/www.mentel-it.pl\\\/?s={search_term_string}\"},\"query-input\":{\"@type\":\"PropertyValueSpecification\",\"valueRequired\":true,\"valueName\":\"search_term_string\"}}],\"inLanguage\":\"pl-PL\"},{\"@type\":\"Organization\",\"@id\":\"https:\\\/\\\/www.mentel-it.pl\\\/#organization\",\"name\":\"Sebastian Mentel IT\\\/PE Service\",\"url\":\"https:\\\/\\\/www.mentel-it.pl\\\/\",\"logo\":{\"@type\":\"ImageObject\",\"inLanguage\":\"pl-PL\",\"@id\":\"https:\\\/\\\/www.mentel-it.pl\\\/#\\\/schema\\\/logo\\\/image\\\/\",\"url\":\"https:\\\/\\\/www.mentel-it.pl\\\/wp-content\\\/uploads\\\/2022\\\/08\\\/streaming-wideo.jpg\",\"contentUrl\":\"https:\\\/\\\/www.mentel-it.pl\\\/wp-content\\\/uploads\\\/2022\\\/08\\\/streaming-wideo.jpg\",\"width\":1920,\"height\":1080,\"caption\":\"Sebastian Mentel IT\\\/PE Service\"},\"image\":{\"@id\":\"https:\\\/\\\/www.mentel-it.pl\\\/#\\\/schema\\\/logo\\\/image\\\/\"}}]}<\/script>\n<!-- \/ Yoast SEO Premium plugin. -->","yoast_head_json":{"title":"Referencje - Sebastian Mentel IT\/PE Service","robots":{"index":"index","follow":"follow","max-snippet":"max-snippet:-1","max-image-preview":"max-image-preview:large","max-video-preview":"max-video-preview:-1"},"canonical":"https:\/\/www.mentel-it.pl\/index.php\/referencje\/","og_locale":"pl_PL","og_type":"article","og_title":"Referencje","og_description":"[vc_row][vc_column][vc_column_text] Prezentujemy Pa\u0144stwu referencje od firm i instytucji publicznych, z kt\u00f3rymi mieli\u015bmy przyjemno\u015b\u0107 wsp\u00f3\u0142pracowa\u0107. Zapraszamy do zapoznania si\u0119 z nimi i nawi\u0105zania wsp\u00f3\u0142pracy. [\/vc_column_text][\/vc_column][\/vc_row][vc_row][vc_column width=&#8221;1\/2&#8243;][\/vc_column][vc_column width=&#8221;1\/2&#8243;][vc_gallery type=&#8221;flexslider_slide&#8221; interval=&#8221;10&#8243; images=&#8221;8349,8350,8351&#8243; img_size=&#8221;large&#8221; css_animation=&#8221;fadeIn&#8221;][\/vc_column][\/vc_row]","og_url":"https:\/\/www.mentel-it.pl\/index.php\/referencje\/","og_site_name":"Sebastian Mentel IT\/PE Service","twitter_card":"summary_large_image","schema":{"@context":"https:\/\/schema.org","@graph":[{"@type":"WebPage","@id":"https:\/\/www.mentel-it.pl\/index.php\/referencje\/","url":"https:\/\/www.mentel-it.pl\/index.php\/referencje\/","name":"Referencje - Sebastian Mentel IT\/PE Service","isPartOf":{"@id":"https:\/\/www.mentel-it.pl\/#website"},"datePublished":"2020-05-14T13:33:10+00:00","breadcrumb":{"@id":"https:\/\/www.mentel-it.pl\/index.php\/referencje\/#breadcrumb"},"inLanguage":"pl-PL","potentialAction":[{"@type":"ReadAction","target":["https:\/\/www.mentel-it.pl\/index.php\/referencje\/"]}]},{"@type":"BreadcrumbList","@id":"https:\/\/www.mentel-it.pl\/index.php\/referencje\/#breadcrumb","itemListElement":[{"@type":"ListItem","position":1,"name":"Strona g\u0142\u00f3wna","item":"https:\/\/www.mentel-it.pl\/"},{"@type":"ListItem","position":2,"name":"Referencje"}]},{"@type":"WebSite","@id":"https:\/\/www.mentel-it.pl\/#website","url":"https:\/\/www.mentel-it.pl\/","name":"Sebastian Mentel IT\/PE Service","description":"Us\u0142ugi w zakresie projektowania, budowy i zarz\u0105dzania sieciami \u015bwiat\u0142owodowymi, monitoring, kontrola dost\u0119pu","publisher":{"@id":"https:\/\/www.mentel-it.pl\/#organization"},"potentialAction":[{"@type":"SearchAction","target":{"@type":"EntryPoint","urlTemplate":"https:\/\/www.mentel-it.pl\/?s={search_term_string}"},"query-input":{"@type":"PropertyValueSpecification","valueRequired":true,"valueName":"search_term_string"}}],"inLanguage":"pl-PL"},{"@type":"Organization","@id":"https:\/\/www.mentel-it.pl\/#organization","name":"Sebastian Mentel IT\/PE Service","url":"https:\/\/www.mentel-it.pl\/","logo":{"@type":"ImageObject","inLanguage":"pl-PL","@id":"https:\/\/www.mentel-it.pl\/#\/schema\/logo\/image\/","url":"https:\/\/www.mentel-it.pl\/wp-content\/uploads\/2022\/08\/streaming-wideo.jpg","contentUrl":"https:\/\/www.mentel-it.pl\/wp-content\/uploads\/2022\/08\/streaming-wideo.jpg","width":1920,"height":1080,"caption":"Sebastian Mentel IT\/PE Service"},"image":{"@id":"https:\/\/www.mentel-it.pl\/#\/schema\/logo\/image\/"}}]}},"_links":{"self":[{"href":"https:\/\/www.mentel-it.pl\/index.php\/wp-json\/wp\/v2\/pages\/8348","targetHints":{"allow":["GET"]}}],"collection":[{"href":"https:\/\/www.mentel-it.pl\/index.php\/wp-json\/wp\/v2\/pages"}],"about":[{"href":"https:\/\/www.mentel-it.pl\/index.php\/wp-json\/wp\/v2\/types\/page"}],"author":[{"embeddable":true,"href":"https:\/\/www.mentel-it.pl\/index.php\/wp-json\/wp\/v2\/users\/1"}],"replies":[{"embeddable":true,"href":"https:\/\/www.mentel-it.pl\/index.php\/wp-json\/wp\/v2\/comments?post=8348"}],"version-history":[{"count":8,"href":"https:\/\/www.mentel-it.pl\/index.php\/wp-json\/wp\/v2\/pages\/8348\/revisions"}],"predecessor-version":[{"id":8363,"href":"https:\/\/www.mentel-it.pl\/index.php\/wp-json\/wp\/v2\/pages\/8348\/revisions\/8363"}],"wp:attachment":[{"href":"https:\/\/www.mentel-it.pl\/index.php\/wp-json\/wp\/v2\/media?parent=8348"}],"curies":[{"name":"wp","href":"https:\/\/api.w.org\/{rel}","templated":true}]}}