{"id":8390,"date":"2020-10-20T10:31:06","date_gmt":"2020-10-20T08:31:06","guid":{"rendered":"https:\/\/www.mentel-it.pl\/?page_id=8390"},"modified":"2020-10-20T10:38:17","modified_gmt":"2020-10-20T08:38:17","slug":"pomiary-reflektometryczne","status":"publish","type":"page","link":"https:\/\/www.mentel-it.pl\/index.php\/pomiary-reflektometryczne\/","title":{"rendered":"Pomiary reflektometryczne"},"content":{"rendered":"<div class=\"wpb-content-wrapper\"><p>[vc_section][vc_row][vc_column width=&#8221;1\/3&#8243;][vc_single_image image=&#8221;8391&#8243; img_size=&#8221;full&#8221;][\/vc_column][vc_column width=&#8221;2\/3&#8243;][vc_column_text]Wykonujemy profesjonalne pomiary reflektometryczne sieci \u015bwiat\u0142owodowych z wykorzystaniem sprz\u0119tu firmy <strong>EXFO<\/strong>. Ka\u017cdego klienta traktujemy indywidualnie zar\u00f3wno w zakresie kompleksowo\u015bci us\u0142ugi jak i ceny.<\/p>\n<p>Wsp\u00f3\u0142pracujemy mi\u0119dzy innymi z firmami: Tauron, Multi-Net Infrastruktura Sp\u00f3\u0142ka z o.o. i nie tylko.<\/p>\n<p>Zach\u0119camy do <a href=\"https:\/\/www.mentel-it.pl\/index.php\/contact-us\/\">kontaktu z nami<\/a> i zapraszamy do wsp\u00f3\u0142pracy.[\/vc_column_text][\/vc_column][\/vc_row][\/vc_section]<\/p>\n<\/div>","protected":false},"excerpt":{"rendered":"<p>[vc_section][vc_row][vc_column width=&#8221;1\/3&#8243;][vc_single_image image=&#8221;8391&#8243; img_size=&#8221;full&#8221;][\/vc_column][vc_column width=&#8221;2\/3&#8243;][vc_column_text]Wykonujemy profesjonalne pomiary reflektometryczne sieci \u015bwiat\u0142owodowych z wykorzystaniem sprz\u0119tu firmy EXFO. Ka\u017cdego klienta traktujemy indywidualnie zar\u00f3wno w zakresie kompleksowo\u015bci us\u0142ugi jak i ceny. Wsp\u00f3\u0142pracujemy mi\u0119dzy innymi z firmami: Tauron, Multi-Net Infrastruktura Sp\u00f3\u0142ka z o.o. i nie tylko. Zach\u0119camy do kontaktu z nami i zapraszamy do wsp\u00f3\u0142pracy.[\/vc_column_text][\/vc_column][\/vc_row][\/vc_section]<\/p>\n","protected":false},"author":1,"featured_media":8391,"parent":0,"menu_order":0,"comment_status":"closed","ping_status":"closed","template":"","meta":{"footnotes":""},"class_list":["post-8390","page","type-page","status-publish","has-post-thumbnail","hentry"],"yoast_head":"<!-- This site is optimized with the Yoast SEO Premium plugin v18.9 (Yoast SEO v27.4) - https:\/\/yoast.com\/product\/yoast-seo-premium-wordpress\/ -->\n<title>Pomiary reflektometryczne - Sebastian Mentel IT\/PE Service<\/title>\n<meta name=\"description\" content=\"Wykonujemy profesjonalne pomiary reflektometryczne sieci \u015bwiat\u0142owodowych z wykorzystaniem sprz\u0119tu firmy EXFO.\" \/>\n<meta name=\"robots\" content=\"index, follow, max-snippet:-1, max-image-preview:large, max-video-preview:-1\" \/>\n<link rel=\"canonical\" href=\"https:\/\/www.mentel-it.pl\/index.php\/pomiary-reflektometryczne\/\" \/>\n<meta property=\"og:locale\" content=\"pl_PL\" \/>\n<meta property=\"og:type\" content=\"article\" \/>\n<meta property=\"og:title\" content=\"Pomiary reflektometryczne\" \/>\n<meta property=\"og:description\" content=\"Wykonujemy profesjonalne pomiary reflektometryczne sieci \u015bwiat\u0142owodowych z wykorzystaniem sprz\u0119tu firmy EXFO.\" \/>\n<meta property=\"og:url\" content=\"https:\/\/www.mentel-it.pl\/index.php\/pomiary-reflektometryczne\/\" \/>\n<meta property=\"og:site_name\" content=\"Sebastian Mentel IT\/PE Service\" \/>\n<meta property=\"article:modified_time\" content=\"2020-10-20T08:38:17+00:00\" \/>\n<meta property=\"og:image\" content=\"https:\/\/www.mentel-it.pl\/wp-content\/uploads\/2020\/10\/exfo730C.jpg\" \/>\n\t<meta property=\"og:image:width\" content=\"800\" \/>\n\t<meta property=\"og:image:height\" content=\"667\" \/>\n\t<meta property=\"og:image:type\" content=\"image\/jpeg\" \/>\n<meta name=\"twitter:card\" content=\"summary_large_image\" \/>\n<script type=\"application\/ld+json\" class=\"yoast-schema-graph\">{\"@context\":\"https:\\\/\\\/schema.org\",\"@graph\":[{\"@type\":\"WebPage\",\"@id\":\"https:\\\/\\\/www.mentel-it.pl\\\/index.php\\\/pomiary-reflektometryczne\\\/\",\"url\":\"https:\\\/\\\/www.mentel-it.pl\\\/index.php\\\/pomiary-reflektometryczne\\\/\",\"name\":\"Pomiary reflektometryczne - Sebastian Mentel IT\\\/PE Service\",\"isPartOf\":{\"@id\":\"https:\\\/\\\/www.mentel-it.pl\\\/#website\"},\"primaryImageOfPage\":{\"@id\":\"https:\\\/\\\/www.mentel-it.pl\\\/index.php\\\/pomiary-reflektometryczne\\\/#primaryimage\"},\"image\":{\"@id\":\"https:\\\/\\\/www.mentel-it.pl\\\/index.php\\\/pomiary-reflektometryczne\\\/#primaryimage\"},\"thumbnailUrl\":\"https:\\\/\\\/www.mentel-it.pl\\\/wp-content\\\/uploads\\\/2020\\\/10\\\/exfo730C.jpg\",\"datePublished\":\"2020-10-20T08:31:06+00:00\",\"dateModified\":\"2020-10-20T08:38:17+00:00\",\"description\":\"Wykonujemy profesjonalne pomiary reflektometryczne sieci \u015bwiat\u0142owodowych z wykorzystaniem sprz\u0119tu firmy EXFO.\",\"breadcrumb\":{\"@id\":\"https:\\\/\\\/www.mentel-it.pl\\\/index.php\\\/pomiary-reflektometryczne\\\/#breadcrumb\"},\"inLanguage\":\"pl-PL\",\"potentialAction\":[{\"@type\":\"ReadAction\",\"target\":[\"https:\\\/\\\/www.mentel-it.pl\\\/index.php\\\/pomiary-reflektometryczne\\\/\"]}]},{\"@type\":\"ImageObject\",\"inLanguage\":\"pl-PL\",\"@id\":\"https:\\\/\\\/www.mentel-it.pl\\\/index.php\\\/pomiary-reflektometryczne\\\/#primaryimage\",\"url\":\"https:\\\/\\\/www.mentel-it.pl\\\/wp-content\\\/uploads\\\/2020\\\/10\\\/exfo730C.jpg\",\"contentUrl\":\"https:\\\/\\\/www.mentel-it.pl\\\/wp-content\\\/uploads\\\/2020\\\/10\\\/exfo730C.jpg\",\"width\":800,\"height\":667,\"caption\":\"Exfo730C - pomiary reflektometryczne\"},{\"@type\":\"BreadcrumbList\",\"@id\":\"https:\\\/\\\/www.mentel-it.pl\\\/index.php\\\/pomiary-reflektometryczne\\\/#breadcrumb\",\"itemListElement\":[{\"@type\":\"ListItem\",\"position\":1,\"name\":\"Strona g\u0142\u00f3wna\",\"item\":\"https:\\\/\\\/www.mentel-it.pl\\\/\"},{\"@type\":\"ListItem\",\"position\":2,\"name\":\"Pomiary reflektometryczne\"}]},{\"@type\":\"WebSite\",\"@id\":\"https:\\\/\\\/www.mentel-it.pl\\\/#website\",\"url\":\"https:\\\/\\\/www.mentel-it.pl\\\/\",\"name\":\"Sebastian Mentel IT\\\/PE Service\",\"description\":\"Us\u0142ugi w zakresie projektowania, budowy i zarz\u0105dzania sieciami \u015bwiat\u0142owodowymi, monitoring, kontrola dost\u0119pu\",\"publisher\":{\"@id\":\"https:\\\/\\\/www.mentel-it.pl\\\/#organization\"},\"potentialAction\":[{\"@type\":\"SearchAction\",\"target\":{\"@type\":\"EntryPoint\",\"urlTemplate\":\"https:\\\/\\\/www.mentel-it.pl\\\/?s={search_term_string}\"},\"query-input\":{\"@type\":\"PropertyValueSpecification\",\"valueRequired\":true,\"valueName\":\"search_term_string\"}}],\"inLanguage\":\"pl-PL\"},{\"@type\":\"Organization\",\"@id\":\"https:\\\/\\\/www.mentel-it.pl\\\/#organization\",\"name\":\"Sebastian Mentel IT\\\/PE Service\",\"url\":\"https:\\\/\\\/www.mentel-it.pl\\\/\",\"logo\":{\"@type\":\"ImageObject\",\"inLanguage\":\"pl-PL\",\"@id\":\"https:\\\/\\\/www.mentel-it.pl\\\/#\\\/schema\\\/logo\\\/image\\\/\",\"url\":\"https:\\\/\\\/www.mentel-it.pl\\\/wp-content\\\/uploads\\\/2022\\\/08\\\/streaming-wideo.jpg\",\"contentUrl\":\"https:\\\/\\\/www.mentel-it.pl\\\/wp-content\\\/uploads\\\/2022\\\/08\\\/streaming-wideo.jpg\",\"width\":1920,\"height\":1080,\"caption\":\"Sebastian Mentel IT\\\/PE Service\"},\"image\":{\"@id\":\"https:\\\/\\\/www.mentel-it.pl\\\/#\\\/schema\\\/logo\\\/image\\\/\"}}]}<\/script>\n<!-- \/ Yoast SEO Premium plugin. -->","yoast_head_json":{"title":"Pomiary reflektometryczne - Sebastian Mentel IT\/PE Service","description":"Wykonujemy profesjonalne pomiary reflektometryczne sieci \u015bwiat\u0142owodowych z wykorzystaniem sprz\u0119tu firmy EXFO.","robots":{"index":"index","follow":"follow","max-snippet":"max-snippet:-1","max-image-preview":"max-image-preview:large","max-video-preview":"max-video-preview:-1"},"canonical":"https:\/\/www.mentel-it.pl\/index.php\/pomiary-reflektometryczne\/","og_locale":"pl_PL","og_type":"article","og_title":"Pomiary reflektometryczne","og_description":"Wykonujemy profesjonalne pomiary reflektometryczne sieci \u015bwiat\u0142owodowych z wykorzystaniem sprz\u0119tu firmy EXFO.","og_url":"https:\/\/www.mentel-it.pl\/index.php\/pomiary-reflektometryczne\/","og_site_name":"Sebastian Mentel IT\/PE Service","article_modified_time":"2020-10-20T08:38:17+00:00","og_image":[{"width":800,"height":667,"url":"https:\/\/www.mentel-it.pl\/wp-content\/uploads\/2020\/10\/exfo730C.jpg","type":"image\/jpeg"}],"twitter_card":"summary_large_image","schema":{"@context":"https:\/\/schema.org","@graph":[{"@type":"WebPage","@id":"https:\/\/www.mentel-it.pl\/index.php\/pomiary-reflektometryczne\/","url":"https:\/\/www.mentel-it.pl\/index.php\/pomiary-reflektometryczne\/","name":"Pomiary reflektometryczne - Sebastian Mentel IT\/PE Service","isPartOf":{"@id":"https:\/\/www.mentel-it.pl\/#website"},"primaryImageOfPage":{"@id":"https:\/\/www.mentel-it.pl\/index.php\/pomiary-reflektometryczne\/#primaryimage"},"image":{"@id":"https:\/\/www.mentel-it.pl\/index.php\/pomiary-reflektometryczne\/#primaryimage"},"thumbnailUrl":"https:\/\/www.mentel-it.pl\/wp-content\/uploads\/2020\/10\/exfo730C.jpg","datePublished":"2020-10-20T08:31:06+00:00","dateModified":"2020-10-20T08:38:17+00:00","description":"Wykonujemy profesjonalne pomiary reflektometryczne sieci \u015bwiat\u0142owodowych z wykorzystaniem sprz\u0119tu firmy EXFO.","breadcrumb":{"@id":"https:\/\/www.mentel-it.pl\/index.php\/pomiary-reflektometryczne\/#breadcrumb"},"inLanguage":"pl-PL","potentialAction":[{"@type":"ReadAction","target":["https:\/\/www.mentel-it.pl\/index.php\/pomiary-reflektometryczne\/"]}]},{"@type":"ImageObject","inLanguage":"pl-PL","@id":"https:\/\/www.mentel-it.pl\/index.php\/pomiary-reflektometryczne\/#primaryimage","url":"https:\/\/www.mentel-it.pl\/wp-content\/uploads\/2020\/10\/exfo730C.jpg","contentUrl":"https:\/\/www.mentel-it.pl\/wp-content\/uploads\/2020\/10\/exfo730C.jpg","width":800,"height":667,"caption":"Exfo730C - pomiary reflektometryczne"},{"@type":"BreadcrumbList","@id":"https:\/\/www.mentel-it.pl\/index.php\/pomiary-reflektometryczne\/#breadcrumb","itemListElement":[{"@type":"ListItem","position":1,"name":"Strona g\u0142\u00f3wna","item":"https:\/\/www.mentel-it.pl\/"},{"@type":"ListItem","position":2,"name":"Pomiary reflektometryczne"}]},{"@type":"WebSite","@id":"https:\/\/www.mentel-it.pl\/#website","url":"https:\/\/www.mentel-it.pl\/","name":"Sebastian Mentel IT\/PE Service","description":"Us\u0142ugi w zakresie projektowania, budowy i zarz\u0105dzania sieciami \u015bwiat\u0142owodowymi, monitoring, kontrola dost\u0119pu","publisher":{"@id":"https:\/\/www.mentel-it.pl\/#organization"},"potentialAction":[{"@type":"SearchAction","target":{"@type":"EntryPoint","urlTemplate":"https:\/\/www.mentel-it.pl\/?s={search_term_string}"},"query-input":{"@type":"PropertyValueSpecification","valueRequired":true,"valueName":"search_term_string"}}],"inLanguage":"pl-PL"},{"@type":"Organization","@id":"https:\/\/www.mentel-it.pl\/#organization","name":"Sebastian Mentel IT\/PE Service","url":"https:\/\/www.mentel-it.pl\/","logo":{"@type":"ImageObject","inLanguage":"pl-PL","@id":"https:\/\/www.mentel-it.pl\/#\/schema\/logo\/image\/","url":"https:\/\/www.mentel-it.pl\/wp-content\/uploads\/2022\/08\/streaming-wideo.jpg","contentUrl":"https:\/\/www.mentel-it.pl\/wp-content\/uploads\/2022\/08\/streaming-wideo.jpg","width":1920,"height":1080,"caption":"Sebastian Mentel IT\/PE Service"},"image":{"@id":"https:\/\/www.mentel-it.pl\/#\/schema\/logo\/image\/"}}]}},"_links":{"self":[{"href":"https:\/\/www.mentel-it.pl\/index.php\/wp-json\/wp\/v2\/pages\/8390","targetHints":{"allow":["GET"]}}],"collection":[{"href":"https:\/\/www.mentel-it.pl\/index.php\/wp-json\/wp\/v2\/pages"}],"about":[{"href":"https:\/\/www.mentel-it.pl\/index.php\/wp-json\/wp\/v2\/types\/page"}],"author":[{"embeddable":true,"href":"https:\/\/www.mentel-it.pl\/index.php\/wp-json\/wp\/v2\/users\/1"}],"replies":[{"embeddable":true,"href":"https:\/\/www.mentel-it.pl\/index.php\/wp-json\/wp\/v2\/comments?post=8390"}],"version-history":[{"count":5,"href":"https:\/\/www.mentel-it.pl\/index.php\/wp-json\/wp\/v2\/pages\/8390\/revisions"}],"predecessor-version":[{"id":8396,"href":"https:\/\/www.mentel-it.pl\/index.php\/wp-json\/wp\/v2\/pages\/8390\/revisions\/8396"}],"wp:featuredmedia":[{"embeddable":true,"href":"https:\/\/www.mentel-it.pl\/index.php\/wp-json\/wp\/v2\/media\/8391"}],"wp:attachment":[{"href":"https:\/\/www.mentel-it.pl\/index.php\/wp-json\/wp\/v2\/media?parent=8390"}],"curies":[{"name":"wp","href":"https:\/\/api.w.org\/{rel}","templated":true}]}}