{"id":8411,"date":"2020-10-29T12:30:12","date_gmt":"2020-10-29T11:30:12","guid":{"rendered":"https:\/\/www.mentel-it.pl\/?page_id=8411"},"modified":"2020-10-29T15:07:45","modified_gmt":"2020-10-29T14:07:45","slug":"realizacje-galeria","status":"publish","type":"page","link":"https:\/\/www.mentel-it.pl\/index.php\/realizacje-galeria\/","title":{"rendered":"Realizacje &#8211; galeria"},"content":{"rendered":"<div class=\"wpb-content-wrapper\"><p>[vc_section][vc_row][vc_column][vc_column_text]<\/p>\n<p style=\"text-align: center;\">Pragniemy zaprezentowa\u0107 Pa\u0144stwu galerie zdj\u0119\u0107 z niekt\u00f3rych, zrealizowanych przez nas, projekt\u00f3w.<\/p>\n<p style=\"text-align: center;\">Zapraszamy do <a href=\"https:\/\/www.mentel-it.pl\/index.php\/contact-us\/\">wsp\u00f3\u0142pracy.<\/a><\/p>\n<p><span style=\"color: #ffffff;\">Realizacje<\/span>[\/vc_column_text][vc_separator][\/vc_column][\/vc_row][\/vc_section][vc_section][vc_row][vc_column width=&#8221;1\/2&#8243;][vc_text_separator title=&#8221;Budowa infrastruktury \u015bwiat\u0142owodowej &#8211; Ma\u0142opolska&#8221;][vc_gallery interval=&#8221;3&#8243; images=&#8221;8414,8416,8419,8422,8423,8424,8425,8426,8427,8428,8429,8430,8431,8432,8433,8434,8421&#8243;][\/vc_column][vc_column width=&#8221;1\/2&#8243;][vc_text_separator title=&#8221;Obiekt biurowy &#8211; \u015al\u0105skie&#8221;][vc_gallery interval=&#8221;3&#8243; images=&#8221;8439,8442,8453,8452,8450,8451,8443,8444,8445,8446,8447,8448,8449&#8243;][\/vc_column][\/vc_row][vc_row][vc_column width=&#8221;1\/2&#8243;][\/vc_column][vc_column width=&#8221;1\/2&#8243;][\/vc_column][\/vc_row][vc_row][vc_column][vc_separator][\/vc_column][\/vc_row][\/vc_section]<\/p>\n<\/div>","protected":false},"excerpt":{"rendered":"<p>[vc_section][vc_row][vc_column][vc_column_text] Pragniemy zaprezentowa\u0107 Pa\u0144stwu galerie zdj\u0119\u0107 z niekt\u00f3rych, zrealizowanych przez nas, projekt\u00f3w. Zapraszamy do wsp\u00f3\u0142pracy. Realizacje[\/vc_column_text][vc_separator][\/vc_column][\/vc_row][\/vc_section][vc_section][vc_row][vc_column width=&#8221;1\/2&#8243;][vc_text_separator title=&#8221;Budowa infrastruktury \u015bwiat\u0142owodowej &#8211; Ma\u0142opolska&#8221;][vc_gallery interval=&#8221;3&#8243; images=&#8221;8414,8416,8419,8422,8423,8424,8425,8426,8427,8428,8429,8430,8431,8432,8433,8434,8421&#8243;][\/vc_column][vc_column width=&#8221;1\/2&#8243;][vc_text_separator title=&#8221;Obiekt biurowy &#8211; \u015al\u0105skie&#8221;][vc_gallery interval=&#8221;3&#8243; images=&#8221;8439,8442,8453,8452,8450,8451,8443,8444,8445,8446,8447,8448,8449&#8243;][\/vc_column][\/vc_row][vc_row][vc_column width=&#8221;1\/2&#8243;][\/vc_column][vc_column width=&#8221;1\/2&#8243;][\/vc_column][\/vc_row][vc_row][vc_column][vc_separator][\/vc_column][\/vc_row][\/vc_section]<\/p>\n","protected":false},"author":1,"featured_media":8415,"parent":0,"menu_order":0,"comment_status":"closed","ping_status":"closed","template":"","meta":{"footnotes":""},"class_list":["post-8411","page","type-page","status-publish","has-post-thumbnail","hentry"],"yoast_head":"<!-- This site is optimized with the Yoast SEO Premium plugin v18.9 (Yoast SEO v27.5) - https:\/\/yoast.com\/product\/yoast-seo-premium-wordpress\/ -->\n<title>Realizacje - galeria - Sebastian Mentel IT\/PE Service<\/title>\n<meta name=\"description\" content=\"Realizacje - pragniemy zaprezentowa\u0107 Pa\u0144stwu galerie zdj\u0119\u0107 z niekt\u00f3rych, zrealizowanych przez nas, projekt\u00f3w.\" \/>\n<meta name=\"robots\" content=\"index, follow, max-snippet:-1, max-image-preview:large, max-video-preview:-1\" \/>\n<link rel=\"canonical\" href=\"https:\/\/www.mentel-it.pl\/index.php\/realizacje-galeria\/\" \/>\n<meta property=\"og:locale\" content=\"pl_PL\" \/>\n<meta property=\"og:type\" content=\"article\" \/>\n<meta property=\"og:title\" content=\"Realizacje - galeria\" \/>\n<meta property=\"og:description\" content=\"Realizacje - pragniemy zaprezentowa\u0107 Pa\u0144stwu galerie zdj\u0119\u0107 z niekt\u00f3rych, zrealizowanych przez nas, projekt\u00f3w.\" \/>\n<meta property=\"og:url\" content=\"https:\/\/www.mentel-it.pl\/index.php\/realizacje-galeria\/\" \/>\n<meta property=\"og:site_name\" content=\"Sebastian Mentel IT\/PE Service\" \/>\n<meta property=\"article:modified_time\" content=\"2020-10-29T14:07:45+00:00\" \/>\n<meta property=\"og:image\" content=\"https:\/\/www.mentel-it.pl\/wp-content\/uploads\/2020\/10\/20190110_132314.jpg\" \/>\n\t<meta property=\"og:image:width\" content=\"800\" \/>\n\t<meta property=\"og:image:height\" content=\"509\" \/>\n\t<meta property=\"og:image:type\" content=\"image\/jpeg\" \/>\n<meta name=\"twitter:card\" content=\"summary_large_image\" \/>\n<meta name=\"twitter:label1\" content=\"Szacowany czas czytania\" \/>\n\t<meta name=\"twitter:data1\" content=\"1 minuta\" \/>\n<script type=\"application\/ld+json\" class=\"yoast-schema-graph\">{\"@context\":\"https:\\\/\\\/schema.org\",\"@graph\":[{\"@type\":\"WebPage\",\"@id\":\"https:\\\/\\\/www.mentel-it.pl\\\/index.php\\\/realizacje-galeria\\\/\",\"url\":\"https:\\\/\\\/www.mentel-it.pl\\\/index.php\\\/realizacje-galeria\\\/\",\"name\":\"Realizacje - galeria - Sebastian Mentel IT\\\/PE Service\",\"isPartOf\":{\"@id\":\"https:\\\/\\\/www.mentel-it.pl\\\/#website\"},\"primaryImageOfPage\":{\"@id\":\"https:\\\/\\\/www.mentel-it.pl\\\/index.php\\\/realizacje-galeria\\\/#primaryimage\"},\"image\":{\"@id\":\"https:\\\/\\\/www.mentel-it.pl\\\/index.php\\\/realizacje-galeria\\\/#primaryimage\"},\"thumbnailUrl\":\"https:\\\/\\\/www.mentel-it.pl\\\/wp-content\\\/uploads\\\/2020\\\/10\\\/20190110_132314.jpg\",\"datePublished\":\"2020-10-29T11:30:12+00:00\",\"dateModified\":\"2020-10-29T14:07:45+00:00\",\"description\":\"Realizacje - pragniemy zaprezentowa\u0107 Pa\u0144stwu galerie zdj\u0119\u0107 z niekt\u00f3rych, zrealizowanych przez nas, projekt\u00f3w.\",\"breadcrumb\":{\"@id\":\"https:\\\/\\\/www.mentel-it.pl\\\/index.php\\\/realizacje-galeria\\\/#breadcrumb\"},\"inLanguage\":\"pl-PL\",\"potentialAction\":[{\"@type\":\"ReadAction\",\"target\":[\"https:\\\/\\\/www.mentel-it.pl\\\/index.php\\\/realizacje-galeria\\\/\"]}]},{\"@type\":\"ImageObject\",\"inLanguage\":\"pl-PL\",\"@id\":\"https:\\\/\\\/www.mentel-it.pl\\\/index.php\\\/realizacje-galeria\\\/#primaryimage\",\"url\":\"https:\\\/\\\/www.mentel-it.pl\\\/wp-content\\\/uploads\\\/2020\\\/10\\\/20190110_132314.jpg\",\"contentUrl\":\"https:\\\/\\\/www.mentel-it.pl\\\/wp-content\\\/uploads\\\/2020\\\/10\\\/20190110_132314.jpg\",\"width\":800,\"height\":509,\"caption\":\"realizacje\"},{\"@type\":\"BreadcrumbList\",\"@id\":\"https:\\\/\\\/www.mentel-it.pl\\\/index.php\\\/realizacje-galeria\\\/#breadcrumb\",\"itemListElement\":[{\"@type\":\"ListItem\",\"position\":1,\"name\":\"Strona g\u0142\u00f3wna\",\"item\":\"https:\\\/\\\/www.mentel-it.pl\\\/\"},{\"@type\":\"ListItem\",\"position\":2,\"name\":\"Realizacje &#8211; galeria\"}]},{\"@type\":\"WebSite\",\"@id\":\"https:\\\/\\\/www.mentel-it.pl\\\/#website\",\"url\":\"https:\\\/\\\/www.mentel-it.pl\\\/\",\"name\":\"Sebastian Mentel IT\\\/PE Service\",\"description\":\"Us\u0142ugi w zakresie projektowania, budowy i zarz\u0105dzania sieciami \u015bwiat\u0142owodowymi, monitoring, kontrola dost\u0119pu\",\"publisher\":{\"@id\":\"https:\\\/\\\/www.mentel-it.pl\\\/#organization\"},\"potentialAction\":[{\"@type\":\"SearchAction\",\"target\":{\"@type\":\"EntryPoint\",\"urlTemplate\":\"https:\\\/\\\/www.mentel-it.pl\\\/?s={search_term_string}\"},\"query-input\":{\"@type\":\"PropertyValueSpecification\",\"valueRequired\":true,\"valueName\":\"search_term_string\"}}],\"inLanguage\":\"pl-PL\"},{\"@type\":\"Organization\",\"@id\":\"https:\\\/\\\/www.mentel-it.pl\\\/#organization\",\"name\":\"Sebastian Mentel IT\\\/PE Service\",\"url\":\"https:\\\/\\\/www.mentel-it.pl\\\/\",\"logo\":{\"@type\":\"ImageObject\",\"inLanguage\":\"pl-PL\",\"@id\":\"https:\\\/\\\/www.mentel-it.pl\\\/#\\\/schema\\\/logo\\\/image\\\/\",\"url\":\"https:\\\/\\\/www.mentel-it.pl\\\/wp-content\\\/uploads\\\/2022\\\/08\\\/streaming-wideo.jpg\",\"contentUrl\":\"https:\\\/\\\/www.mentel-it.pl\\\/wp-content\\\/uploads\\\/2022\\\/08\\\/streaming-wideo.jpg\",\"width\":1920,\"height\":1080,\"caption\":\"Sebastian Mentel IT\\\/PE Service\"},\"image\":{\"@id\":\"https:\\\/\\\/www.mentel-it.pl\\\/#\\\/schema\\\/logo\\\/image\\\/\"}}]}<\/script>\n<!-- \/ Yoast SEO Premium plugin. -->","yoast_head_json":{"title":"Realizacje - galeria - Sebastian Mentel IT\/PE Service","description":"Realizacje - pragniemy zaprezentowa\u0107 Pa\u0144stwu galerie zdj\u0119\u0107 z niekt\u00f3rych, zrealizowanych przez nas, projekt\u00f3w.","robots":{"index":"index","follow":"follow","max-snippet":"max-snippet:-1","max-image-preview":"max-image-preview:large","max-video-preview":"max-video-preview:-1"},"canonical":"https:\/\/www.mentel-it.pl\/index.php\/realizacje-galeria\/","og_locale":"pl_PL","og_type":"article","og_title":"Realizacje - galeria","og_description":"Realizacje - pragniemy zaprezentowa\u0107 Pa\u0144stwu galerie zdj\u0119\u0107 z niekt\u00f3rych, zrealizowanych przez nas, projekt\u00f3w.","og_url":"https:\/\/www.mentel-it.pl\/index.php\/realizacje-galeria\/","og_site_name":"Sebastian Mentel IT\/PE Service","article_modified_time":"2020-10-29T14:07:45+00:00","og_image":[{"width":800,"height":509,"url":"https:\/\/www.mentel-it.pl\/wp-content\/uploads\/2020\/10\/20190110_132314.jpg","type":"image\/jpeg"}],"twitter_card":"summary_large_image","twitter_misc":{"Szacowany czas czytania":"1 minuta"},"schema":{"@context":"https:\/\/schema.org","@graph":[{"@type":"WebPage","@id":"https:\/\/www.mentel-it.pl\/index.php\/realizacje-galeria\/","url":"https:\/\/www.mentel-it.pl\/index.php\/realizacje-galeria\/","name":"Realizacje - galeria - Sebastian Mentel IT\/PE Service","isPartOf":{"@id":"https:\/\/www.mentel-it.pl\/#website"},"primaryImageOfPage":{"@id":"https:\/\/www.mentel-it.pl\/index.php\/realizacje-galeria\/#primaryimage"},"image":{"@id":"https:\/\/www.mentel-it.pl\/index.php\/realizacje-galeria\/#primaryimage"},"thumbnailUrl":"https:\/\/www.mentel-it.pl\/wp-content\/uploads\/2020\/10\/20190110_132314.jpg","datePublished":"2020-10-29T11:30:12+00:00","dateModified":"2020-10-29T14:07:45+00:00","description":"Realizacje - pragniemy zaprezentowa\u0107 Pa\u0144stwu galerie zdj\u0119\u0107 z niekt\u00f3rych, zrealizowanych przez nas, projekt\u00f3w.","breadcrumb":{"@id":"https:\/\/www.mentel-it.pl\/index.php\/realizacje-galeria\/#breadcrumb"},"inLanguage":"pl-PL","potentialAction":[{"@type":"ReadAction","target":["https:\/\/www.mentel-it.pl\/index.php\/realizacje-galeria\/"]}]},{"@type":"ImageObject","inLanguage":"pl-PL","@id":"https:\/\/www.mentel-it.pl\/index.php\/realizacje-galeria\/#primaryimage","url":"https:\/\/www.mentel-it.pl\/wp-content\/uploads\/2020\/10\/20190110_132314.jpg","contentUrl":"https:\/\/www.mentel-it.pl\/wp-content\/uploads\/2020\/10\/20190110_132314.jpg","width":800,"height":509,"caption":"realizacje"},{"@type":"BreadcrumbList","@id":"https:\/\/www.mentel-it.pl\/index.php\/realizacje-galeria\/#breadcrumb","itemListElement":[{"@type":"ListItem","position":1,"name":"Strona g\u0142\u00f3wna","item":"https:\/\/www.mentel-it.pl\/"},{"@type":"ListItem","position":2,"name":"Realizacje &#8211; galeria"}]},{"@type":"WebSite","@id":"https:\/\/www.mentel-it.pl\/#website","url":"https:\/\/www.mentel-it.pl\/","name":"Sebastian Mentel IT\/PE Service","description":"Us\u0142ugi w zakresie projektowania, budowy i zarz\u0105dzania sieciami \u015bwiat\u0142owodowymi, monitoring, kontrola dost\u0119pu","publisher":{"@id":"https:\/\/www.mentel-it.pl\/#organization"},"potentialAction":[{"@type":"SearchAction","target":{"@type":"EntryPoint","urlTemplate":"https:\/\/www.mentel-it.pl\/?s={search_term_string}"},"query-input":{"@type":"PropertyValueSpecification","valueRequired":true,"valueName":"search_term_string"}}],"inLanguage":"pl-PL"},{"@type":"Organization","@id":"https:\/\/www.mentel-it.pl\/#organization","name":"Sebastian Mentel IT\/PE Service","url":"https:\/\/www.mentel-it.pl\/","logo":{"@type":"ImageObject","inLanguage":"pl-PL","@id":"https:\/\/www.mentel-it.pl\/#\/schema\/logo\/image\/","url":"https:\/\/www.mentel-it.pl\/wp-content\/uploads\/2022\/08\/streaming-wideo.jpg","contentUrl":"https:\/\/www.mentel-it.pl\/wp-content\/uploads\/2022\/08\/streaming-wideo.jpg","width":1920,"height":1080,"caption":"Sebastian Mentel IT\/PE Service"},"image":{"@id":"https:\/\/www.mentel-it.pl\/#\/schema\/logo\/image\/"}}]}},"_links":{"self":[{"href":"https:\/\/www.mentel-it.pl\/index.php\/wp-json\/wp\/v2\/pages\/8411","targetHints":{"allow":["GET"]}}],"collection":[{"href":"https:\/\/www.mentel-it.pl\/index.php\/wp-json\/wp\/v2\/pages"}],"about":[{"href":"https:\/\/www.mentel-it.pl\/index.php\/wp-json\/wp\/v2\/types\/page"}],"author":[{"embeddable":true,"href":"https:\/\/www.mentel-it.pl\/index.php\/wp-json\/wp\/v2\/users\/1"}],"replies":[{"embeddable":true,"href":"https:\/\/www.mentel-it.pl\/index.php\/wp-json\/wp\/v2\/comments?post=8411"}],"version-history":[{"count":10,"href":"https:\/\/www.mentel-it.pl\/index.php\/wp-json\/wp\/v2\/pages\/8411\/revisions"}],"predecessor-version":[{"id":8458,"href":"https:\/\/www.mentel-it.pl\/index.php\/wp-json\/wp\/v2\/pages\/8411\/revisions\/8458"}],"wp:featuredmedia":[{"embeddable":true,"href":"https:\/\/www.mentel-it.pl\/index.php\/wp-json\/wp\/v2\/media\/8415"}],"wp:attachment":[{"href":"https:\/\/www.mentel-it.pl\/index.php\/wp-json\/wp\/v2\/media?parent=8411"}],"curies":[{"name":"wp","href":"https:\/\/api.w.org\/{rel}","templated":true}]}}