{"id":8496,"date":"2024-07-21T15:16:02","date_gmt":"2024-07-21T13:16:02","guid":{"rendered":"https:\/\/www.mentel-it.pl\/?page_id=8496"},"modified":"2025-07-07T20:04:51","modified_gmt":"2025-07-07T18:04:51","slug":"wsparcie","status":"publish","type":"page","link":"https:\/\/www.mentel-it.pl\/index.php\/wsparcie\/","title":{"rendered":"Wsparcie"},"content":{"rendered":"<p><a href=\"https:\/\/www.mentel-it.pl\/wp-content\/uploads\/2025\/07\/zdalnypulpit.zip\">Zdalny Pulpit<\/a> &#8211; dedykowane rozwi\u0105zanie do zdalnego zarz\u0105dzania komputerem z systemem Windows<\/p>\n<p><a href=\"https:\/\/unms.mentel-it.pl\">Zarz\u0105dzanie Ubiqiti<\/a> &#8211; dedykowany system zarz\u0105dzania urz\u0105dzeniami Ubiqiti<\/p>\n<p><a href=\"https:\/\/nms.mentel-it.pl\">Zarz\u0105dzanie SNMP<\/a>\u00a0 &#8211; dedykowany system monitorowania urz\u0105dze\u0144<\/p>\n","protected":false},"excerpt":{"rendered":"<p>Zdalny Pulpit &#8211; dedykowane rozwi\u0105zanie do zdalnego zarz\u0105dzania komputerem z systemem Windows Zarz\u0105dzanie Ubiqiti &#8211; dedykowany system zarz\u0105dzania urz\u0105dzeniami Ubiqiti Zarz\u0105dzanie SNMP\u00a0 &#8211; dedykowany system monitorowania urz\u0105dze\u0144<\/p>\n","protected":false},"author":1,"featured_media":0,"parent":0,"menu_order":0,"comment_status":"closed","ping_status":"closed","template":"","meta":{"footnotes":""},"class_list":["post-8496","page","type-page","status-publish","hentry"],"yoast_head":"<!-- This site is optimized with the Yoast SEO Premium plugin v18.9 (Yoast SEO v27.3) - https:\/\/yoast.com\/product\/yoast-seo-premium-wordpress\/ -->\n<title>Wsparcie - Sebastian Mentel IT\/PE Service<\/title>\n<meta name=\"robots\" content=\"index, follow, max-snippet:-1, max-image-preview:large, max-video-preview:-1\" \/>\n<link rel=\"canonical\" href=\"https:\/\/www.mentel-it.pl\/index.php\/wsparcie\/\" \/>\n<meta property=\"og:locale\" content=\"pl_PL\" \/>\n<meta property=\"og:type\" content=\"article\" \/>\n<meta property=\"og:title\" content=\"Wsparcie\" \/>\n<meta property=\"og:description\" content=\"Zdalny Pulpit &#8211; dedykowane rozwi\u0105zanie do zdalnego zarz\u0105dzania komputerem z systemem Windows Zarz\u0105dzanie Ubiqiti &#8211; dedykowany system zarz\u0105dzania urz\u0105dzeniami Ubiqiti Zarz\u0105dzanie SNMP\u00a0 &#8211; dedykowany system monitorowania urz\u0105dze\u0144\" \/>\n<meta property=\"og:url\" content=\"https:\/\/www.mentel-it.pl\/index.php\/wsparcie\/\" \/>\n<meta property=\"og:site_name\" content=\"Sebastian Mentel IT\/PE Service\" \/>\n<meta property=\"article:modified_time\" content=\"2025-07-07T18:04:51+00:00\" \/>\n<meta name=\"twitter:card\" content=\"summary_large_image\" \/>\n<meta name=\"twitter:label1\" content=\"Szacowany czas czytania\" \/>\n\t<meta name=\"twitter:data1\" content=\"1 minuta\" \/>\n<script type=\"application\/ld+json\" class=\"yoast-schema-graph\">{\"@context\":\"https:\\\/\\\/schema.org\",\"@graph\":[{\"@type\":\"WebPage\",\"@id\":\"https:\\\/\\\/www.mentel-it.pl\\\/index.php\\\/wsparcie\\\/\",\"url\":\"https:\\\/\\\/www.mentel-it.pl\\\/index.php\\\/wsparcie\\\/\",\"name\":\"Wsparcie - Sebastian Mentel IT\\\/PE Service\",\"isPartOf\":{\"@id\":\"https:\\\/\\\/www.mentel-it.pl\\\/#website\"},\"datePublished\":\"2024-07-21T13:16:02+00:00\",\"dateModified\":\"2025-07-07T18:04:51+00:00\",\"breadcrumb\":{\"@id\":\"https:\\\/\\\/www.mentel-it.pl\\\/index.php\\\/wsparcie\\\/#breadcrumb\"},\"inLanguage\":\"pl-PL\",\"potentialAction\":[{\"@type\":\"ReadAction\",\"target\":[\"https:\\\/\\\/www.mentel-it.pl\\\/index.php\\\/wsparcie\\\/\"]}]},{\"@type\":\"BreadcrumbList\",\"@id\":\"https:\\\/\\\/www.mentel-it.pl\\\/index.php\\\/wsparcie\\\/#breadcrumb\",\"itemListElement\":[{\"@type\":\"ListItem\",\"position\":1,\"name\":\"Strona g\u0142\u00f3wna\",\"item\":\"https:\\\/\\\/www.mentel-it.pl\\\/\"},{\"@type\":\"ListItem\",\"position\":2,\"name\":\"Wsparcie\"}]},{\"@type\":\"WebSite\",\"@id\":\"https:\\\/\\\/www.mentel-it.pl\\\/#website\",\"url\":\"https:\\\/\\\/www.mentel-it.pl\\\/\",\"name\":\"Sebastian Mentel IT\\\/PE Service\",\"description\":\"Us\u0142ugi w zakresie projektowania, budowy i zarz\u0105dzania sieciami \u015bwiat\u0142owodowymi, monitoring, kontrola dost\u0119pu\",\"publisher\":{\"@id\":\"https:\\\/\\\/www.mentel-it.pl\\\/#organization\"},\"potentialAction\":[{\"@type\":\"SearchAction\",\"target\":{\"@type\":\"EntryPoint\",\"urlTemplate\":\"https:\\\/\\\/www.mentel-it.pl\\\/?s={search_term_string}\"},\"query-input\":{\"@type\":\"PropertyValueSpecification\",\"valueRequired\":true,\"valueName\":\"search_term_string\"}}],\"inLanguage\":\"pl-PL\"},{\"@type\":\"Organization\",\"@id\":\"https:\\\/\\\/www.mentel-it.pl\\\/#organization\",\"name\":\"Sebastian Mentel IT\\\/PE Service\",\"url\":\"https:\\\/\\\/www.mentel-it.pl\\\/\",\"logo\":{\"@type\":\"ImageObject\",\"inLanguage\":\"pl-PL\",\"@id\":\"https:\\\/\\\/www.mentel-it.pl\\\/#\\\/schema\\\/logo\\\/image\\\/\",\"url\":\"https:\\\/\\\/www.mentel-it.pl\\\/wp-content\\\/uploads\\\/2022\\\/08\\\/streaming-wideo.jpg\",\"contentUrl\":\"https:\\\/\\\/www.mentel-it.pl\\\/wp-content\\\/uploads\\\/2022\\\/08\\\/streaming-wideo.jpg\",\"width\":1920,\"height\":1080,\"caption\":\"Sebastian Mentel IT\\\/PE Service\"},\"image\":{\"@id\":\"https:\\\/\\\/www.mentel-it.pl\\\/#\\\/schema\\\/logo\\\/image\\\/\"}}]}<\/script>\n<!-- \/ Yoast SEO Premium plugin. -->","yoast_head_json":{"title":"Wsparcie - Sebastian Mentel IT\/PE Service","robots":{"index":"index","follow":"follow","max-snippet":"max-snippet:-1","max-image-preview":"max-image-preview:large","max-video-preview":"max-video-preview:-1"},"canonical":"https:\/\/www.mentel-it.pl\/index.php\/wsparcie\/","og_locale":"pl_PL","og_type":"article","og_title":"Wsparcie","og_description":"Zdalny Pulpit &#8211; dedykowane rozwi\u0105zanie do zdalnego zarz\u0105dzania komputerem z systemem Windows Zarz\u0105dzanie Ubiqiti &#8211; dedykowany system zarz\u0105dzania urz\u0105dzeniami Ubiqiti Zarz\u0105dzanie SNMP\u00a0 &#8211; dedykowany system monitorowania urz\u0105dze\u0144","og_url":"https:\/\/www.mentel-it.pl\/index.php\/wsparcie\/","og_site_name":"Sebastian Mentel IT\/PE Service","article_modified_time":"2025-07-07T18:04:51+00:00","twitter_card":"summary_large_image","twitter_misc":{"Szacowany czas czytania":"1 minuta"},"schema":{"@context":"https:\/\/schema.org","@graph":[{"@type":"WebPage","@id":"https:\/\/www.mentel-it.pl\/index.php\/wsparcie\/","url":"https:\/\/www.mentel-it.pl\/index.php\/wsparcie\/","name":"Wsparcie - Sebastian Mentel IT\/PE Service","isPartOf":{"@id":"https:\/\/www.mentel-it.pl\/#website"},"datePublished":"2024-07-21T13:16:02+00:00","dateModified":"2025-07-07T18:04:51+00:00","breadcrumb":{"@id":"https:\/\/www.mentel-it.pl\/index.php\/wsparcie\/#breadcrumb"},"inLanguage":"pl-PL","potentialAction":[{"@type":"ReadAction","target":["https:\/\/www.mentel-it.pl\/index.php\/wsparcie\/"]}]},{"@type":"BreadcrumbList","@id":"https:\/\/www.mentel-it.pl\/index.php\/wsparcie\/#breadcrumb","itemListElement":[{"@type":"ListItem","position":1,"name":"Strona g\u0142\u00f3wna","item":"https:\/\/www.mentel-it.pl\/"},{"@type":"ListItem","position":2,"name":"Wsparcie"}]},{"@type":"WebSite","@id":"https:\/\/www.mentel-it.pl\/#website","url":"https:\/\/www.mentel-it.pl\/","name":"Sebastian Mentel IT\/PE Service","description":"Us\u0142ugi w zakresie projektowania, budowy i zarz\u0105dzania sieciami \u015bwiat\u0142owodowymi, monitoring, kontrola dost\u0119pu","publisher":{"@id":"https:\/\/www.mentel-it.pl\/#organization"},"potentialAction":[{"@type":"SearchAction","target":{"@type":"EntryPoint","urlTemplate":"https:\/\/www.mentel-it.pl\/?s={search_term_string}"},"query-input":{"@type":"PropertyValueSpecification","valueRequired":true,"valueName":"search_term_string"}}],"inLanguage":"pl-PL"},{"@type":"Organization","@id":"https:\/\/www.mentel-it.pl\/#organization","name":"Sebastian Mentel IT\/PE Service","url":"https:\/\/www.mentel-it.pl\/","logo":{"@type":"ImageObject","inLanguage":"pl-PL","@id":"https:\/\/www.mentel-it.pl\/#\/schema\/logo\/image\/","url":"https:\/\/www.mentel-it.pl\/wp-content\/uploads\/2022\/08\/streaming-wideo.jpg","contentUrl":"https:\/\/www.mentel-it.pl\/wp-content\/uploads\/2022\/08\/streaming-wideo.jpg","width":1920,"height":1080,"caption":"Sebastian Mentel IT\/PE Service"},"image":{"@id":"https:\/\/www.mentel-it.pl\/#\/schema\/logo\/image\/"}}]}},"_links":{"self":[{"href":"https:\/\/www.mentel-it.pl\/index.php\/wp-json\/wp\/v2\/pages\/8496","targetHints":{"allow":["GET"]}}],"collection":[{"href":"https:\/\/www.mentel-it.pl\/index.php\/wp-json\/wp\/v2\/pages"}],"about":[{"href":"https:\/\/www.mentel-it.pl\/index.php\/wp-json\/wp\/v2\/types\/page"}],"author":[{"embeddable":true,"href":"https:\/\/www.mentel-it.pl\/index.php\/wp-json\/wp\/v2\/users\/1"}],"replies":[{"embeddable":true,"href":"https:\/\/www.mentel-it.pl\/index.php\/wp-json\/wp\/v2\/comments?post=8496"}],"version-history":[{"count":14,"href":"https:\/\/www.mentel-it.pl\/index.php\/wp-json\/wp\/v2\/pages\/8496\/revisions"}],"predecessor-version":[{"id":8524,"href":"https:\/\/www.mentel-it.pl\/index.php\/wp-json\/wp\/v2\/pages\/8496\/revisions\/8524"}],"wp:attachment":[{"href":"https:\/\/www.mentel-it.pl\/index.php\/wp-json\/wp\/v2\/media?parent=8496"}],"curies":[{"name":"wp","href":"https:\/\/api.w.org\/{rel}","templated":true}]}}